{"id":68814,"date":"2025-11-27T06:02:51","date_gmt":"2025-11-27T05:02:51","guid":{"rendered":"https:\/\/www.hirtenberg-apotheke.at\/katalog\/produkt\/unterweger-franzbranntwein-latschenkiefer\/"},"modified":"2025-11-27T06:02:54","modified_gmt":"2025-11-27T05:02:54","slug":"unterweger-franzbranntwein-latschenkiefer","status":"publish","type":"product","link":"https:\/\/www.hirtenberg-apotheke.at\/katalog\/produkt\/unterweger-franzbranntwein-latschenkiefer\/","title":{"rendered":"Unterweger Franzbranntwein Latschenkiefer"},"content":{"rendered":"<p>Unterweger Franzbranntwein Latschenkiefer ist als altes Hausmittel bekannt und bew\u00e4hrt!Mit echtem Tiroler Latschenkiefer\u00f6l aus kontrolliert biologischem Anbau. Enth\u00e4lt 60 % Alkohol mit Menthol.<\/p>\n","protected":false},"excerpt":{"rendered":"<p>Unterweger Franzbranntwein Latschenkiefer ist als altes Hausmittel bekannt und bew\u00e4hrt!Mit echtem Tiroler Latschenkiefer\u00f6l aus kontrolliert biologischem Anbau. Enth\u00e4lt 60 % Alkohol mit Menthol.<\/p>\n","protected":false},"featured_media":68816,"template":"","meta":{"_acf_changed":false},"product_brand":[],"product_cat":[358],"product_tag":[],"class_list":{"0":"post-68814","1":"product","2":"type-product","3":"status-publish","4":"has-post-thumbnail","6":"product_cat-u","7":"pa_packungsgroesse-1l","9":"first","10":"instock","11":"shipping-taxable","12":"purchasable","13":"product-type-simple"},"acf":[],"_links":{"self":[{"href":"https:\/\/www.hirtenberg-apotheke.at\/katalog\/wp-json\/wp\/v2\/product\/68814","targetHints":{"allow":["GET"]}}],"collection":[{"href":"https:\/\/www.hirtenberg-apotheke.at\/katalog\/wp-json\/wp\/v2\/product"}],"about":[{"href":"https:\/\/www.hirtenberg-apotheke.at\/katalog\/wp-json\/wp\/v2\/types\/product"}],"wp:featuredmedia":[{"embeddable":true,"href":"https:\/\/www.hirtenberg-apotheke.at\/katalog\/wp-json\/wp\/v2\/media\/68816"}],"wp:attachment":[{"href":"https:\/\/www.hirtenberg-apotheke.at\/katalog\/wp-json\/wp\/v2\/media?parent=68814"}],"wp:term":[{"taxonomy":"product_brand","embeddable":true,"href":"https:\/\/www.hirtenberg-apotheke.at\/katalog\/wp-json\/wp\/v2\/product_brand?post=68814"},{"taxonomy":"product_cat","embeddable":true,"href":"https:\/\/www.hirtenberg-apotheke.at\/katalog\/wp-json\/wp\/v2\/product_cat?post=68814"},{"taxonomy":"product_tag","embeddable":true,"href":"https:\/\/www.hirtenberg-apotheke.at\/katalog\/wp-json\/wp\/v2\/product_tag?post=68814"}],"curies":[{"name":"wp","href":"https:\/\/api.w.org\/{rel}","templated":true}]}}