{"id":68838,"date":"2025-11-27T06:03:26","date_gmt":"2025-11-27T05:03:26","guid":{"rendered":"https:\/\/www.hirtenberg-apotheke.at\/katalog\/produkt\/multicarotin-kapseln\/"},"modified":"2025-11-27T06:03:35","modified_gmt":"2025-11-27T05:03:35","slug":"multicarotin-kapseln","status":"publish","type":"product","link":"https:\/\/www.hirtenberg-apotheke.at\/katalog\/produkt\/multicarotin-kapseln\/","title":{"rendered":"Multicarotin Kapseln"},"content":{"rendered":"<p>MultiCarotin Kapseln enthalten eine spezielle Kombination von Haut-Vitalstoffen, die die Haut vor den sch\u00e4dlichen Einfl\u00fcssen der Sonnenstrahlen sch\u00fctzen k\u00f6nnen und gleichzeitig die nat\u00fcrliche Br\u00e4une von Innen unterst\u00fctzen \u2013 innerliche Gesundheit kann man auf der Haut zeigen!<\/p>\n","protected":false},"excerpt":{"rendered":"<p>MultiCarotin Kapseln enthalten eine spezielle Kombination von Haut-Vitalstoffen, die die Haut vor den sch\u00e4dlichen Einfl\u00fcssen der Sonnenstrahlen sch\u00fctzen k\u00f6nnen und gleichzeitig die nat\u00fcrliche Br\u00e4une von Innen unterst\u00fctzen \u2013 innerliche Gesundheit kann man auf der Haut zeigen!<\/p>\n","protected":false},"featured_media":68840,"template":"","meta":{"_acf_changed":false},"product_brand":[],"product_cat":[308],"product_tag":[],"class_list":{"0":"post-68838","1":"product","2":"type-product","3":"status-publish","4":"has-post-thumbnail","6":"product_cat-m","7":"pa_packungsgroesse-60-stueck","9":"first","10":"instock","11":"shipping-taxable","12":"purchasable","13":"product-type-simple"},"acf":[],"_links":{"self":[{"href":"https:\/\/www.hirtenberg-apotheke.at\/katalog\/wp-json\/wp\/v2\/product\/68838","targetHints":{"allow":["GET"]}}],"collection":[{"href":"https:\/\/www.hirtenberg-apotheke.at\/katalog\/wp-json\/wp\/v2\/product"}],"about":[{"href":"https:\/\/www.hirtenberg-apotheke.at\/katalog\/wp-json\/wp\/v2\/types\/product"}],"wp:featuredmedia":[{"embeddable":true,"href":"https:\/\/www.hirtenberg-apotheke.at\/katalog\/wp-json\/wp\/v2\/media\/68840"}],"wp:attachment":[{"href":"https:\/\/www.hirtenberg-apotheke.at\/katalog\/wp-json\/wp\/v2\/media?parent=68838"}],"wp:term":[{"taxonomy":"product_brand","embeddable":true,"href":"https:\/\/www.hirtenberg-apotheke.at\/katalog\/wp-json\/wp\/v2\/product_brand?post=68838"},{"taxonomy":"product_cat","embeddable":true,"href":"https:\/\/www.hirtenberg-apotheke.at\/katalog\/wp-json\/wp\/v2\/product_cat?post=68838"},{"taxonomy":"product_tag","embeddable":true,"href":"https:\/\/www.hirtenberg-apotheke.at\/katalog\/wp-json\/wp\/v2\/product_tag?post=68838"}],"curies":[{"name":"wp","href":"https:\/\/api.w.org\/{rel}","templated":true}]}}