{"id":68844,"date":"2025-11-27T06:03:26","date_gmt":"2025-11-27T05:03:26","guid":{"rendered":"https:\/\/www.hirtenberg-apotheke.at\/katalog\/produkt\/angurate-tee-peru-25-stk-beutel\/"},"modified":"2025-11-27T06:03:36","modified_gmt":"2025-11-27T05:03:36","slug":"angurate-tee-peru-25-stk-beutel","status":"publish","type":"product","link":"https:\/\/www.hirtenberg-apotheke.at\/katalog\/produkt\/angurate-tee-peru-25-stk-beutel\/","title":{"rendered":"Angurat\u00e9 Tee Peru 25 Stk. Beutel"},"content":{"rendered":"<p>Angurat\u00e9 Tee Peru reguliert die Sekretion der Verdauungss\u00e4fte und bringt die gest\u00f6rten Bewegungsabl\u00e4ufe des Magen-Darm-Traktes wieder ins Gleichgewicht. Angurat\u00e9 ist ein bew\u00e4hrtes peruanisches Heilmittel, das traditionell von den Indios bei Magenproblemen und Bauchschmerzen verwendet wird. Dieses Produkt ist in Form von Beuteln (25 St\u00fcck) und in geschnittener Form (70 g) erh\u00e4ltlich.<\/p>\n","protected":false},"excerpt":{"rendered":"<p>Angurat\u00e9 Tee Peru reguliert die Sekretion der Verdauungss\u00e4fte und bringt die gest\u00f6rten Bewegungsabl\u00e4ufe des Magen-Darm-Traktes wieder ins Gleichgewicht. Angurat\u00e9 ist ein bew\u00e4hrtes peruanisches Heilmittel, das traditionell von den Indios bei Magenproblemen und Bauchschmerzen verwendet wird. Dieses Produkt ist in Form von Beuteln (25 St\u00fcck) und in geschnittener Form (70 g) erh\u00e4ltlich.<\/p>\n","protected":false},"featured_media":0,"template":"","meta":{"_acf_changed":false},"product_brand":[],"product_cat":[299],"product_tag":[],"class_list":{"0":"post-68844","1":"product","2":"type-product","3":"status-publish","5":"product_cat-a","6":"pa_packungsgroesse-25-beutel","8":"first","9":"instock","10":"shipping-taxable","11":"purchasable","12":"product-type-simple"},"acf":[],"_links":{"self":[{"href":"https:\/\/www.hirtenberg-apotheke.at\/katalog\/wp-json\/wp\/v2\/product\/68844","targetHints":{"allow":["GET"]}}],"collection":[{"href":"https:\/\/www.hirtenberg-apotheke.at\/katalog\/wp-json\/wp\/v2\/product"}],"about":[{"href":"https:\/\/www.hirtenberg-apotheke.at\/katalog\/wp-json\/wp\/v2\/types\/product"}],"wp:attachment":[{"href":"https:\/\/www.hirtenberg-apotheke.at\/katalog\/wp-json\/wp\/v2\/media?parent=68844"}],"wp:term":[{"taxonomy":"product_brand","embeddable":true,"href":"https:\/\/www.hirtenberg-apotheke.at\/katalog\/wp-json\/wp\/v2\/product_brand?post=68844"},{"taxonomy":"product_cat","embeddable":true,"href":"https:\/\/www.hirtenberg-apotheke.at\/katalog\/wp-json\/wp\/v2\/product_cat?post=68844"},{"taxonomy":"product_tag","embeddable":true,"href":"https:\/\/www.hirtenberg-apotheke.at\/katalog\/wp-json\/wp\/v2\/product_tag?post=68844"}],"curies":[{"name":"wp","href":"https:\/\/api.w.org\/{rel}","templated":true}]}}