{"id":68856,"date":"2025-11-27T06:03:50","date_gmt":"2025-11-27T05:03:50","guid":{"rendered":"https:\/\/www.hirtenberg-apotheke.at\/katalog\/produkt\/cevitol-kautabletten-500-mg\/"},"modified":"2025-11-27T06:03:56","modified_gmt":"2025-11-27T05:03:56","slug":"cevitol-kautabletten-500-mg","status":"publish","type":"product","link":"https:\/\/www.hirtenberg-apotheke.at\/katalog\/produkt\/cevitol-kautabletten-500-mg\/","title":{"rendered":"Cevitol Kautabletten 500 mg"},"content":{"rendered":"<p>Cevitol 500 mg-Kautabletten enthalten reines Vitamin C (Ascorbins\u00e4ure). Vitamin C beeinflu\u00dft eine Vielzahl von Stoffwechselvorg\u00e4ngen und ist besonders f\u00fcr die Abwehr von Infektionskrankheiten von Bedeutung<\/p>\n","protected":false},"excerpt":{"rendered":"<p>Cevitol 500 mg-Kautabletten enthalten reines Vitamin C (Ascorbins\u00e4ure). Vitamin C beeinflu\u00dft eine Vielzahl von Stoffwechselvorg\u00e4ngen und ist besonders f\u00fcr die Abwehr von Infektionskrankheiten von Bedeutung<\/p>\n","protected":false},"featured_media":0,"template":"","meta":{"_acf_changed":false},"product_brand":[],"product_cat":[337],"product_tag":[],"class_list":{"0":"post-68856","1":"product","2":"type-product","3":"status-publish","5":"product_cat-c","6":"pa_packungsgroesse-30-stueck","8":"first","9":"instock","10":"shipping-taxable","11":"purchasable","12":"product-type-simple"},"acf":[],"_links":{"self":[{"href":"https:\/\/www.hirtenberg-apotheke.at\/katalog\/wp-json\/wp\/v2\/product\/68856","targetHints":{"allow":["GET"]}}],"collection":[{"href":"https:\/\/www.hirtenberg-apotheke.at\/katalog\/wp-json\/wp\/v2\/product"}],"about":[{"href":"https:\/\/www.hirtenberg-apotheke.at\/katalog\/wp-json\/wp\/v2\/types\/product"}],"wp:attachment":[{"href":"https:\/\/www.hirtenberg-apotheke.at\/katalog\/wp-json\/wp\/v2\/media?parent=68856"}],"wp:term":[{"taxonomy":"product_brand","embeddable":true,"href":"https:\/\/www.hirtenberg-apotheke.at\/katalog\/wp-json\/wp\/v2\/product_brand?post=68856"},{"taxonomy":"product_cat","embeddable":true,"href":"https:\/\/www.hirtenberg-apotheke.at\/katalog\/wp-json\/wp\/v2\/product_cat?post=68856"},{"taxonomy":"product_tag","embeddable":true,"href":"https:\/\/www.hirtenberg-apotheke.at\/katalog\/wp-json\/wp\/v2\/product_tag?post=68856"}],"curies":[{"name":"wp","href":"https:\/\/api.w.org\/{rel}","templated":true}]}}