{"id":68890,"date":"2025-11-27T06:04:44","date_gmt":"2025-11-27T05:04:44","guid":{"rendered":"https:\/\/www.hirtenberg-apotheke.at\/katalog\/produkt\/apiserum-gelee-royale-trinkampulle-spender\/"},"modified":"2025-11-27T06:05:14","modified_gmt":"2025-11-27T05:05:14","slug":"apiserum-gelee-royale-trinkampulle-spender","status":"publish","type":"product","link":"https:\/\/www.hirtenberg-apotheke.at\/katalog\/produkt\/apiserum-gelee-royale-trinkampulle-spender\/","title":{"rendered":"Apiserum Gel\u00e9e Royale Trinkampulle Spender"},"content":{"rendered":"<p>Apiserum Gel\u00e9e Royale Trinkampulle Spender mit Gel\u00e9e Royale beleben und vitalisieren. Gel\u00e9e Royale ist der Futtersaft der Bienenk\u00f6nigin und gilt seit jeher als biologisch hochaktives Wirkstoffkonzentrat, reich an: Vitaminen, Aminos\u00e4uren, Mineralstoffen sowie Spurenelementen.<\/p>\n","protected":false},"excerpt":{"rendered":"<p>Apiserum Gel\u00e9e Royale Trinkampulle Spender mit Gel\u00e9e Royale beleben und vitalisieren. Gel\u00e9e Royale ist der Futtersaft der Bienenk\u00f6nigin und gilt seit jeher als biologisch hochaktives Wirkstoffkonzentrat, reich an: Vitaminen, Aminos\u00e4uren, Mineralstoffen sowie Spurenelementen.<\/p>\n","protected":false},"featured_media":0,"template":"","meta":{"_acf_changed":false},"product_brand":[],"product_cat":[299],"product_tag":[],"class_list":{"0":"post-68890","1":"product","2":"type-product","3":"status-publish","5":"product_cat-a","6":"pa_packungsgroesse-24-stueck","8":"first","9":"instock","10":"shipping-taxable","11":"purchasable","12":"product-type-simple"},"acf":[],"_links":{"self":[{"href":"https:\/\/www.hirtenberg-apotheke.at\/katalog\/wp-json\/wp\/v2\/product\/68890","targetHints":{"allow":["GET"]}}],"collection":[{"href":"https:\/\/www.hirtenberg-apotheke.at\/katalog\/wp-json\/wp\/v2\/product"}],"about":[{"href":"https:\/\/www.hirtenberg-apotheke.at\/katalog\/wp-json\/wp\/v2\/types\/product"}],"wp:attachment":[{"href":"https:\/\/www.hirtenberg-apotheke.at\/katalog\/wp-json\/wp\/v2\/media?parent=68890"}],"wp:term":[{"taxonomy":"product_brand","embeddable":true,"href":"https:\/\/www.hirtenberg-apotheke.at\/katalog\/wp-json\/wp\/v2\/product_brand?post=68890"},{"taxonomy":"product_cat","embeddable":true,"href":"https:\/\/www.hirtenberg-apotheke.at\/katalog\/wp-json\/wp\/v2\/product_cat?post=68890"},{"taxonomy":"product_tag","embeddable":true,"href":"https:\/\/www.hirtenberg-apotheke.at\/katalog\/wp-json\/wp\/v2\/product_tag?post=68890"}],"curies":[{"name":"wp","href":"https:\/\/api.w.org\/{rel}","templated":true}]}}