{"id":68942,"date":"2025-11-27T06:06:18","date_gmt":"2025-11-27T05:06:18","guid":{"rendered":"https:\/\/www.hirtenberg-apotheke.at\/katalog\/produkt\/a-vogel-santasapina-bonbons\/"},"modified":"2025-11-27T06:06:34","modified_gmt":"2025-11-27T05:06:34","slug":"a-vogel-santasapina-bonbons","status":"publish","type":"product","link":"https:\/\/www.hirtenberg-apotheke.at\/katalog\/produkt\/a-vogel-santasapina-bonbons\/","title":{"rendered":"A.Vogel Santasapina Bonbons"},"content":{"rendered":"<p>A.Vogel Santasapina Bonbons enthalten den fl\u00fcssigen Rottannenknospen-Extrakt und Honig. Wohltuend f\u00fcr Rachen und Hals bei Heiserkeit, Husten und Katarrh. Sie wirken l\u00f6send bei leichter Verschleimung. Auch f\u00fcr Kinder bestens geeignet.<\/p>\n","protected":false},"excerpt":{"rendered":"<p>A.Vogel Santasapina Bonbons enthalten den fl\u00fcssigen Rottannenknospen-Extrakt und Honig. Wohltuend f\u00fcr Rachen und Hals bei Heiserkeit, Husten und Katarrh. Sie wirken l\u00f6send bei leichter Verschleimung. Auch f\u00fcr Kinder bestens geeignet.<\/p>\n","protected":false},"featured_media":68944,"template":"","meta":{"_acf_changed":false},"product_brand":[],"product_cat":[299],"product_tag":[],"class_list":{"0":"post-68942","1":"product","2":"type-product","3":"status-publish","4":"has-post-thumbnail","6":"product_cat-a","7":"pa_packungsgroesse-100g","9":"first","10":"instock","11":"shipping-taxable","12":"purchasable","13":"product-type-simple"},"acf":[],"_links":{"self":[{"href":"https:\/\/www.hirtenberg-apotheke.at\/katalog\/wp-json\/wp\/v2\/product\/68942","targetHints":{"allow":["GET"]}}],"collection":[{"href":"https:\/\/www.hirtenberg-apotheke.at\/katalog\/wp-json\/wp\/v2\/product"}],"about":[{"href":"https:\/\/www.hirtenberg-apotheke.at\/katalog\/wp-json\/wp\/v2\/types\/product"}],"wp:featuredmedia":[{"embeddable":true,"href":"https:\/\/www.hirtenberg-apotheke.at\/katalog\/wp-json\/wp\/v2\/media\/68944"}],"wp:attachment":[{"href":"https:\/\/www.hirtenberg-apotheke.at\/katalog\/wp-json\/wp\/v2\/media?parent=68942"}],"wp:term":[{"taxonomy":"product_brand","embeddable":true,"href":"https:\/\/www.hirtenberg-apotheke.at\/katalog\/wp-json\/wp\/v2\/product_brand?post=68942"},{"taxonomy":"product_cat","embeddable":true,"href":"https:\/\/www.hirtenberg-apotheke.at\/katalog\/wp-json\/wp\/v2\/product_cat?post=68942"},{"taxonomy":"product_tag","embeddable":true,"href":"https:\/\/www.hirtenberg-apotheke.at\/katalog\/wp-json\/wp\/v2\/product_tag?post=68942"}],"curies":[{"name":"wp","href":"https:\/\/api.w.org\/{rel}","templated":true}]}}