{"id":68961,"date":"2025-11-27T06:06:54","date_gmt":"2025-11-27T05:06:54","guid":{"rendered":"https:\/\/www.hirtenberg-apotheke.at\/katalog\/produkt\/mikrozid-af-liquid-1000-ml\/"},"modified":"2025-11-27T06:07:07","modified_gmt":"2025-11-27T05:07:07","slug":"mikrozid-af-liquid-1000-ml","status":"publish","type":"product","link":"https:\/\/www.hirtenberg-apotheke.at\/katalog\/produkt\/mikrozid-af-liquid-1000-ml\/","title":{"rendered":"mikrozid AF liquid 1000 ml"},"content":{"rendered":"<p>mikrozid AF liquid eignet sich f\u00fcr die alkoholische Schnelldesinfektion f\u00fcr Medizinprodukte in allen Bereichen und Fl\u00e4chen aller Art mit erh\u00f6htem Infektionsrisiko und dem Erfordernis kurzer Einwirkzeiten.<\/p>\n","protected":false},"excerpt":{"rendered":"<p>mikrozid AF liquid eignet sich f\u00fcr die alkoholische Schnelldesinfektion f\u00fcr Medizinprodukte in allen Bereichen und Fl\u00e4chen aller Art mit erh\u00f6htem Infektionsrisiko und dem Erfordernis kurzer Einwirkzeiten.<\/p>\n","protected":false},"featured_media":68963,"template":"","meta":{"_acf_changed":false},"product_brand":[],"product_cat":[308],"product_tag":[],"class_list":{"0":"post-68961","1":"product","2":"type-product","3":"status-publish","4":"has-post-thumbnail","6":"product_cat-m","7":"pa_packungsgroesse-1l","9":"first","10":"instock","11":"shipping-taxable","12":"purchasable","13":"product-type-simple"},"acf":[],"_links":{"self":[{"href":"https:\/\/www.hirtenberg-apotheke.at\/katalog\/wp-json\/wp\/v2\/product\/68961","targetHints":{"allow":["GET"]}}],"collection":[{"href":"https:\/\/www.hirtenberg-apotheke.at\/katalog\/wp-json\/wp\/v2\/product"}],"about":[{"href":"https:\/\/www.hirtenberg-apotheke.at\/katalog\/wp-json\/wp\/v2\/types\/product"}],"wp:featuredmedia":[{"embeddable":true,"href":"https:\/\/www.hirtenberg-apotheke.at\/katalog\/wp-json\/wp\/v2\/media\/68963"}],"wp:attachment":[{"href":"https:\/\/www.hirtenberg-apotheke.at\/katalog\/wp-json\/wp\/v2\/media?parent=68961"}],"wp:term":[{"taxonomy":"product_brand","embeddable":true,"href":"https:\/\/www.hirtenberg-apotheke.at\/katalog\/wp-json\/wp\/v2\/product_brand?post=68961"},{"taxonomy":"product_cat","embeddable":true,"href":"https:\/\/www.hirtenberg-apotheke.at\/katalog\/wp-json\/wp\/v2\/product_cat?post=68961"},{"taxonomy":"product_tag","embeddable":true,"href":"https:\/\/www.hirtenberg-apotheke.at\/katalog\/wp-json\/wp\/v2\/product_tag?post=68961"}],"curies":[{"name":"wp","href":"https:\/\/api.w.org\/{rel}","templated":true}]}}