{"id":69174,"date":"2025-11-27T06:12:52","date_gmt":"2025-11-27T05:12:52","guid":{"rendered":"https:\/\/www.hirtenberg-apotheke.at\/katalog\/produkt\/septonsil-spagyra-tropfen-pekana\/"},"modified":"2025-11-27T06:13:20","modified_gmt":"2025-11-27T05:13:20","slug":"septonsil-spagyra-tropfen-pekana","status":"publish","type":"product","link":"https:\/\/www.hirtenberg-apotheke.at\/katalog\/produkt\/septonsil-spagyra-tropfen-pekana\/","title":{"rendered":"Septonsil Spagyra Tropfen Pekana"},"content":{"rendered":"<p>SEONSIL ist eine hom\u00f6opathische Arzneispezialit\u00e4t und eignet sich zur unterst\u00fctzenden Behandlung von Hals- und Rachenreizungen sowie Mandelbeschwerden<\/p>\n","protected":false},"excerpt":{"rendered":"<p>SEONSIL ist eine hom\u00f6opathische Arzneispezialit\u00e4t und eignet sich zur unterst\u00fctzenden Behandlung von Hals- und Rachenreizungen sowie Mandelbeschwerden<\/p>\n","protected":false},"featured_media":69176,"template":"","meta":{"_acf_changed":false},"product_brand":[],"product_cat":[303],"product_tag":[],"class_list":{"0":"post-69174","1":"product","2":"type-product","3":"status-publish","4":"has-post-thumbnail","6":"product_cat-s","7":"pa_packungsgroesse-50ml","9":"first","10":"instock","11":"shipping-taxable","12":"purchasable","13":"product-type-simple"},"acf":[],"_links":{"self":[{"href":"https:\/\/www.hirtenberg-apotheke.at\/katalog\/wp-json\/wp\/v2\/product\/69174","targetHints":{"allow":["GET"]}}],"collection":[{"href":"https:\/\/www.hirtenberg-apotheke.at\/katalog\/wp-json\/wp\/v2\/product"}],"about":[{"href":"https:\/\/www.hirtenberg-apotheke.at\/katalog\/wp-json\/wp\/v2\/types\/product"}],"wp:featuredmedia":[{"embeddable":true,"href":"https:\/\/www.hirtenberg-apotheke.at\/katalog\/wp-json\/wp\/v2\/media\/69176"}],"wp:attachment":[{"href":"https:\/\/www.hirtenberg-apotheke.at\/katalog\/wp-json\/wp\/v2\/media?parent=69174"}],"wp:term":[{"taxonomy":"product_brand","embeddable":true,"href":"https:\/\/www.hirtenberg-apotheke.at\/katalog\/wp-json\/wp\/v2\/product_brand?post=69174"},{"taxonomy":"product_cat","embeddable":true,"href":"https:\/\/www.hirtenberg-apotheke.at\/katalog\/wp-json\/wp\/v2\/product_cat?post=69174"},{"taxonomy":"product_tag","embeddable":true,"href":"https:\/\/www.hirtenberg-apotheke.at\/katalog\/wp-json\/wp\/v2\/product_tag?post=69174"}],"curies":[{"name":"wp","href":"https:\/\/api.w.org\/{rel}","templated":true}]}}