{"id":69241,"date":"2025-11-27T06:14:40","date_gmt":"2025-11-27T05:14:40","guid":{"rendered":"https:\/\/www.hirtenberg-apotheke.at\/katalog\/produkt\/drapal-kraeuter-salz-streudose\/"},"modified":"2025-11-27T06:14:54","modified_gmt":"2025-11-27T05:14:54","slug":"drapal-kraeuter-salz-streudose","status":"publish","type":"product","link":"https:\/\/www.hirtenberg-apotheke.at\/katalog\/produkt\/drapal-kraeuter-salz-streudose\/","title":{"rendered":"Drapal Kr\u00e4uter Salz Streudose"},"content":{"rendered":"<p>Drapal Kr\u00e4uter Salz veredelt Ihre Speisen, damit Gutes noch besser wird mit Hilfe des hohen Gehaltes an BIO-Kr\u00e4utern, dem w\u00fcrzigen Aroma und dem ausgezeichneten Geschmack . Die gro\u00dfe Ergiebigkeit wird Sie positiv \u00fcberraschen.<\/p>\n","protected":false},"excerpt":{"rendered":"<p>Drapal Kr\u00e4uter Salz veredelt Ihre Speisen, damit Gutes noch besser wird mit Hilfe des hohen Gehaltes an BIO-Kr\u00e4utern, dem w\u00fcrzigen Aroma und dem ausgezeichneten Geschmack . Die gro\u00dfe Ergiebigkeit wird Sie positiv \u00fcberraschen.<\/p>\n","protected":false},"featured_media":0,"template":"","meta":{"_acf_changed":false},"product_brand":[],"product_cat":[295],"product_tag":[],"class_list":{"0":"post-69241","1":"product","2":"type-product","3":"status-publish","5":"product_cat-d","6":"pa_packungsgroesse-250g","8":"first","9":"instock","10":"shipping-taxable","11":"purchasable","12":"product-type-simple"},"acf":[],"_links":{"self":[{"href":"https:\/\/www.hirtenberg-apotheke.at\/katalog\/wp-json\/wp\/v2\/product\/69241","targetHints":{"allow":["GET"]}}],"collection":[{"href":"https:\/\/www.hirtenberg-apotheke.at\/katalog\/wp-json\/wp\/v2\/product"}],"about":[{"href":"https:\/\/www.hirtenberg-apotheke.at\/katalog\/wp-json\/wp\/v2\/types\/product"}],"wp:attachment":[{"href":"https:\/\/www.hirtenberg-apotheke.at\/katalog\/wp-json\/wp\/v2\/media?parent=69241"}],"wp:term":[{"taxonomy":"product_brand","embeddable":true,"href":"https:\/\/www.hirtenberg-apotheke.at\/katalog\/wp-json\/wp\/v2\/product_brand?post=69241"},{"taxonomy":"product_cat","embeddable":true,"href":"https:\/\/www.hirtenberg-apotheke.at\/katalog\/wp-json\/wp\/v2\/product_cat?post=69241"},{"taxonomy":"product_tag","embeddable":true,"href":"https:\/\/www.hirtenberg-apotheke.at\/katalog\/wp-json\/wp\/v2\/product_tag?post=69241"}],"curies":[{"name":"wp","href":"https:\/\/api.w.org\/{rel}","templated":true}]}}