{"id":69348,"date":"2025-11-27T06:17:43","date_gmt":"2025-11-27T05:17:43","guid":{"rendered":"https:\/\/www.hirtenberg-apotheke.at\/katalog\/produkt\/calendula-balsam\/"},"modified":"2025-11-27T06:17:48","modified_gmt":"2025-11-27T05:17:48","slug":"calendula-balsam","status":"publish","type":"product","link":"https:\/\/www.hirtenberg-apotheke.at\/katalog\/produkt\/calendula-balsam\/","title":{"rendered":"Calendula Balsam"},"content":{"rendered":"<p>Calendula Balsam pflegt und sch\u00fctzt die Haut auf nat\u00fcrliche Weise durch Wirkstoffe der Ringelblume. Der Balsam ist als ein altes und bew\u00e4hrtes Hausmittel vielseitig verwendbar.<\/p>\n","protected":false},"excerpt":{"rendered":"<p>Calendula Balsam pflegt und sch\u00fctzt die Haut auf nat\u00fcrliche Weise durch Wirkstoffe der Ringelblume. Der Balsam ist als ein altes und bew\u00e4hrtes Hausmittel vielseitig verwendbar.<\/p>\n","protected":false},"featured_media":69350,"template":"","meta":{"_acf_changed":false},"product_brand":[316],"product_cat":[337],"product_tag":[],"class_list":{"0":"post-69348","1":"product","2":"type-product","3":"status-publish","4":"has-post-thumbnail","6":"product_brand-gall-pharma","7":"product_cat-c","8":"pa_packungsgroesse-50g","10":"first","11":"instock","12":"shipping-taxable","13":"purchasable","14":"product-type-simple"},"acf":[],"_links":{"self":[{"href":"https:\/\/www.hirtenberg-apotheke.at\/katalog\/wp-json\/wp\/v2\/product\/69348","targetHints":{"allow":["GET"]}}],"collection":[{"href":"https:\/\/www.hirtenberg-apotheke.at\/katalog\/wp-json\/wp\/v2\/product"}],"about":[{"href":"https:\/\/www.hirtenberg-apotheke.at\/katalog\/wp-json\/wp\/v2\/types\/product"}],"wp:featuredmedia":[{"embeddable":true,"href":"https:\/\/www.hirtenberg-apotheke.at\/katalog\/wp-json\/wp\/v2\/media\/69350"}],"wp:attachment":[{"href":"https:\/\/www.hirtenberg-apotheke.at\/katalog\/wp-json\/wp\/v2\/media?parent=69348"}],"wp:term":[{"taxonomy":"product_brand","embeddable":true,"href":"https:\/\/www.hirtenberg-apotheke.at\/katalog\/wp-json\/wp\/v2\/product_brand?post=69348"},{"taxonomy":"product_cat","embeddable":true,"href":"https:\/\/www.hirtenberg-apotheke.at\/katalog\/wp-json\/wp\/v2\/product_cat?post=69348"},{"taxonomy":"product_tag","embeddable":true,"href":"https:\/\/www.hirtenberg-apotheke.at\/katalog\/wp-json\/wp\/v2\/product_tag?post=69348"}],"curies":[{"name":"wp","href":"https:\/\/api.w.org\/{rel}","templated":true}]}}