{"id":69486,"date":"2025-11-27T06:19:55","date_gmt":"2025-11-27T05:19:55","guid":{"rendered":"https:\/\/www.hirtenberg-apotheke.at\/katalog\/produkt\/helfe-baldrian-melissenbad\/"},"modified":"2025-11-27T06:20:16","modified_gmt":"2025-11-27T05:20:16","slug":"helfe-baldrian-melissenbad","status":"publish","type":"product","link":"https:\/\/www.hirtenberg-apotheke.at\/katalog\/produkt\/helfe-baldrian-melissenbad\/","title":{"rendered":"Helfe Baldrian Melissenbad"},"content":{"rendered":"<p>HELFE Baldrian Melissenbad ist einer von \u00fcber 30.000 Artikeln, die Sie in unserer Versandapotheke dauerhaft mit hohem Rabatt bestellen k\u00f6nnen. Wir bieten Ihnen die komplette Auswahl einer \u00f6sterreichischen Standortapotheke \u2013 nur mit hohem Rabatt, denn wir pulverisieren Preise!<\/p>\n","protected":false},"excerpt":{"rendered":"<p>HELFE Baldrian Melissenbad ist einer von \u00fcber 30.000 Artikeln, die Sie in unserer Versandapotheke dauerhaft mit hohem Rabatt bestellen k\u00f6nnen. Wir bieten Ihnen die komplette Auswahl einer \u00f6sterreichischen Standortapotheke \u2013 nur mit hohem Rabatt, denn wir pulverisieren Preise!<\/p>\n","protected":false},"featured_media":69488,"template":"","meta":{"_acf_changed":false},"product_brand":[664],"product_cat":[330],"product_tag":[],"class_list":{"0":"post-69486","1":"product","2":"type-product","3":"status-publish","4":"has-post-thumbnail","6":"product_brand-helfe","7":"product_cat-h","8":"pa_packungsgroesse-1l","10":"first","11":"instock","12":"shipping-taxable","13":"purchasable","14":"product-type-simple"},"acf":[],"_links":{"self":[{"href":"https:\/\/www.hirtenberg-apotheke.at\/katalog\/wp-json\/wp\/v2\/product\/69486","targetHints":{"allow":["GET"]}}],"collection":[{"href":"https:\/\/www.hirtenberg-apotheke.at\/katalog\/wp-json\/wp\/v2\/product"}],"about":[{"href":"https:\/\/www.hirtenberg-apotheke.at\/katalog\/wp-json\/wp\/v2\/types\/product"}],"wp:featuredmedia":[{"embeddable":true,"href":"https:\/\/www.hirtenberg-apotheke.at\/katalog\/wp-json\/wp\/v2\/media\/69488"}],"wp:attachment":[{"href":"https:\/\/www.hirtenberg-apotheke.at\/katalog\/wp-json\/wp\/v2\/media?parent=69486"}],"wp:term":[{"taxonomy":"product_brand","embeddable":true,"href":"https:\/\/www.hirtenberg-apotheke.at\/katalog\/wp-json\/wp\/v2\/product_brand?post=69486"},{"taxonomy":"product_cat","embeddable":true,"href":"https:\/\/www.hirtenberg-apotheke.at\/katalog\/wp-json\/wp\/v2\/product_cat?post=69486"},{"taxonomy":"product_tag","embeddable":true,"href":"https:\/\/www.hirtenberg-apotheke.at\/katalog\/wp-json\/wp\/v2\/product_tag?post=69486"}],"curies":[{"name":"wp","href":"https:\/\/api.w.org\/{rel}","templated":true}]}}