{"id":6958,"date":"2025-11-25T13:22:51","date_gmt":"2025-11-25T12:22:51","guid":{"rendered":"https:\/\/www.hirtenberg-apotheke.at\/katalog\/produkt\/melatonin-1mg-spray-espara-verkuerzt-die-einschlafzeit-minzgeschmack\/"},"modified":"2025-11-25T13:23:09","modified_gmt":"2025-11-25T12:23:09","slug":"melatonin-1mg-spray-espara-verkuerzt-die-einschlafzeit-minzgeschmack","status":"publish","type":"product","link":"https:\/\/www.hirtenberg-apotheke.at\/katalog\/produkt\/melatonin-1mg-spray-espara-verkuerzt-die-einschlafzeit-minzgeschmack\/","title":{"rendered":"MELATONIN 1mg Spray Espara &#8211; verk\u00fcrzt die Einschlafzeit Minzgeschmack"},"content":{"rendered":"<p>Nahrungserg\u00e4nzungsmittel mit Melatonin. Melatonin tr\u00e4gt dazu bei, die Einschlafzeit zu verk\u00fcrzen. Die positive Wirkung stellt sich ein, wenn kurz vor dem Schlafengehen 1 mg Melatonin aufgenommen wird.<\/p>\n","protected":false},"excerpt":{"rendered":"<p>Nahrungserg\u00e4nzungsmittel mit Melatonin. Melatonin tr\u00e4gt dazu bei, die Einschlafzeit zu verk\u00fcrzen. Die positive Wirkung stellt sich ein, wenn kurz vor dem Schlafengehen 1 mg Melatonin aufgenommen wird.<\/p>\n","protected":false},"featured_media":6960,"template":"","meta":{"_acf_changed":false},"product_brand":[341],"product_cat":[308],"product_tag":[],"class_list":{"0":"post-6958","1":"product","2":"type-product","3":"status-publish","4":"has-post-thumbnail","6":"product_brand-espara","7":"product_cat-m","8":"pa_packungsgroesse-30ml","10":"first","11":"instock","12":"shipping-taxable","13":"purchasable","14":"product-type-simple"},"acf":[],"_links":{"self":[{"href":"https:\/\/www.hirtenberg-apotheke.at\/katalog\/wp-json\/wp\/v2\/product\/6958","targetHints":{"allow":["GET"]}}],"collection":[{"href":"https:\/\/www.hirtenberg-apotheke.at\/katalog\/wp-json\/wp\/v2\/product"}],"about":[{"href":"https:\/\/www.hirtenberg-apotheke.at\/katalog\/wp-json\/wp\/v2\/types\/product"}],"wp:featuredmedia":[{"embeddable":true,"href":"https:\/\/www.hirtenberg-apotheke.at\/katalog\/wp-json\/wp\/v2\/media\/6960"}],"wp:attachment":[{"href":"https:\/\/www.hirtenberg-apotheke.at\/katalog\/wp-json\/wp\/v2\/media?parent=6958"}],"wp:term":[{"taxonomy":"product_brand","embeddable":true,"href":"https:\/\/www.hirtenberg-apotheke.at\/katalog\/wp-json\/wp\/v2\/product_brand?post=6958"},{"taxonomy":"product_cat","embeddable":true,"href":"https:\/\/www.hirtenberg-apotheke.at\/katalog\/wp-json\/wp\/v2\/product_cat?post=6958"},{"taxonomy":"product_tag","embeddable":true,"href":"https:\/\/www.hirtenberg-apotheke.at\/katalog\/wp-json\/wp\/v2\/product_tag?post=6958"}],"curies":[{"name":"wp","href":"https:\/\/api.w.org\/{rel}","templated":true}]}}