{"id":69607,"date":"2025-11-27T06:24:03","date_gmt":"2025-11-27T05:24:03","guid":{"rendered":"https:\/\/www.hirtenberg-apotheke.at\/katalog\/produkt\/dr-boehm-vitamin-d-1600ie-kapseln\/"},"modified":"2025-11-27T06:24:11","modified_gmt":"2025-11-27T05:24:11","slug":"dr-boehm-vitamin-d-1600ie-kapseln","status":"publish","type":"product","link":"https:\/\/www.hirtenberg-apotheke.at\/katalog\/produkt\/dr-boehm-vitamin-d-1600ie-kapseln\/","title":{"rendered":"Dr. B\u00f6hm Vitamin D 1600IE Kapseln"},"content":{"rendered":"<p>Dr. B\u00f6hm Vitamin D3 1600I.E. Kapseln st\u00e4rkt Abwehrkr\u00e4fte und Knochen. Die Kapseln enthalten hoch dosiertes Vitamin D mit nat\u00fcrlichem Vitamin E und Omega-9-reichem Oliven\u00f6l und unterst\u00fctzen den Organismus speziell w\u00e4hrend der Wintermonate und bei einem Mangel an Vitamin D.<\/p>\n","protected":false},"excerpt":{"rendered":"<p>Dr. B\u00f6hm Vitamin D3 1600I.E. Kapseln st\u00e4rkt Abwehrkr\u00e4fte und Knochen. Die Kapseln enthalten hoch dosiertes Vitamin D mit nat\u00fcrlichem Vitamin E und Omega-9-reichem Oliven\u00f6l und unterst\u00fctzen den Organismus speziell w\u00e4hrend der Wintermonate und bei einem Mangel an Vitamin D.<\/p>\n","protected":false},"featured_media":69609,"template":"","meta":{"_acf_changed":false},"product_brand":[294],"product_cat":[295],"product_tag":[],"class_list":{"0":"post-69607","1":"product","2":"type-product","3":"status-publish","4":"has-post-thumbnail","6":"product_brand-dr-boehm","7":"product_cat-d","8":"pa_packungsgroesse-60-stueck","10":"first","11":"instock","12":"shipping-taxable","13":"purchasable","14":"product-type-simple"},"acf":[],"_links":{"self":[{"href":"https:\/\/www.hirtenberg-apotheke.at\/katalog\/wp-json\/wp\/v2\/product\/69607","targetHints":{"allow":["GET"]}}],"collection":[{"href":"https:\/\/www.hirtenberg-apotheke.at\/katalog\/wp-json\/wp\/v2\/product"}],"about":[{"href":"https:\/\/www.hirtenberg-apotheke.at\/katalog\/wp-json\/wp\/v2\/types\/product"}],"wp:featuredmedia":[{"embeddable":true,"href":"https:\/\/www.hirtenberg-apotheke.at\/katalog\/wp-json\/wp\/v2\/media\/69609"}],"wp:attachment":[{"href":"https:\/\/www.hirtenberg-apotheke.at\/katalog\/wp-json\/wp\/v2\/media?parent=69607"}],"wp:term":[{"taxonomy":"product_brand","embeddable":true,"href":"https:\/\/www.hirtenberg-apotheke.at\/katalog\/wp-json\/wp\/v2\/product_brand?post=69607"},{"taxonomy":"product_cat","embeddable":true,"href":"https:\/\/www.hirtenberg-apotheke.at\/katalog\/wp-json\/wp\/v2\/product_cat?post=69607"},{"taxonomy":"product_tag","embeddable":true,"href":"https:\/\/www.hirtenberg-apotheke.at\/katalog\/wp-json\/wp\/v2\/product_tag?post=69607"}],"curies":[{"name":"wp","href":"https:\/\/api.w.org\/{rel}","templated":true}]}}