{"id":6976,"date":"2025-11-25T13:22:51","date_gmt":"2025-11-25T12:22:51","guid":{"rendered":"https:\/\/www.hirtenberg-apotheke.at\/katalog\/produkt\/junek-melatonin-3mg-kapseln-zur-behandlung-von-jetlag-empfindungen-30-stk\/"},"modified":"2025-11-25T13:23:22","modified_gmt":"2025-11-25T12:23:22","slug":"junek-melatonin-3mg-kapseln-zur-behandlung-von-jetlag-empfindungen-30-stk","status":"publish","type":"product","link":"https:\/\/www.hirtenberg-apotheke.at\/katalog\/produkt\/junek-melatonin-3mg-kapseln-zur-behandlung-von-jetlag-empfindungen-30-stk\/","title":{"rendered":"Junek MELATONIN 3mg Kapseln zur Behandlung von Jetlag Empfindungen &#8211; 30 Stk"},"content":{"rendered":"<p>Melatonin Junek 3 mg Kapseln ist ein di\u00e4tetisches Lebensmittel f\u00fcr besondere medizinische Zwecke zur Behandlung von Jetlag. Das in den Kapseln enthaltene Melatonin tr\u00e4gt zur Linderung der subjektiven Jetlag-Empfindung bei und hilft, den circadianen Rhythmus zu regulieren.<\/p>\n","protected":false},"excerpt":{"rendered":"<p>Melatonin Junek 3 mg Kapseln ist ein di\u00e4tetisches Lebensmittel f\u00fcr besondere medizinische Zwecke zur Behandlung von Jetlag. Das in den Kapseln enthaltene Melatonin tr\u00e4gt zur Linderung der subjektiven Jetlag-Empfindung bei und hilft, den circadianen Rhythmus zu regulieren.<\/p>\n","protected":false},"featured_media":6978,"template":"","meta":{"_acf_changed":false},"product_brand":[],"product_cat":[335],"product_tag":[],"class_list":{"0":"post-6976","1":"product","2":"type-product","3":"status-publish","4":"has-post-thumbnail","6":"product_cat-j","7":"pa_packungsgroesse-30-stueck","9":"first","10":"instock","11":"shipping-taxable","12":"purchasable","13":"product-type-simple"},"acf":[],"_links":{"self":[{"href":"https:\/\/www.hirtenberg-apotheke.at\/katalog\/wp-json\/wp\/v2\/product\/6976","targetHints":{"allow":["GET"]}}],"collection":[{"href":"https:\/\/www.hirtenberg-apotheke.at\/katalog\/wp-json\/wp\/v2\/product"}],"about":[{"href":"https:\/\/www.hirtenberg-apotheke.at\/katalog\/wp-json\/wp\/v2\/types\/product"}],"wp:featuredmedia":[{"embeddable":true,"href":"https:\/\/www.hirtenberg-apotheke.at\/katalog\/wp-json\/wp\/v2\/media\/6978"}],"wp:attachment":[{"href":"https:\/\/www.hirtenberg-apotheke.at\/katalog\/wp-json\/wp\/v2\/media?parent=6976"}],"wp:term":[{"taxonomy":"product_brand","embeddable":true,"href":"https:\/\/www.hirtenberg-apotheke.at\/katalog\/wp-json\/wp\/v2\/product_brand?post=6976"},{"taxonomy":"product_cat","embeddable":true,"href":"https:\/\/www.hirtenberg-apotheke.at\/katalog\/wp-json\/wp\/v2\/product_cat?post=6976"},{"taxonomy":"product_tag","embeddable":true,"href":"https:\/\/www.hirtenberg-apotheke.at\/katalog\/wp-json\/wp\/v2\/product_tag?post=6976"}],"curies":[{"name":"wp","href":"https:\/\/api.w.org\/{rel}","templated":true}]}}