{"id":70177,"date":"2025-11-27T06:41:29","date_gmt":"2025-11-27T05:41:29","guid":{"rendered":"https:\/\/www.hirtenberg-apotheke.at\/katalog\/produkt\/nuxe-aquabella-emulsion-hydratente-matifiante-50-ml\/"},"modified":"2025-11-27T06:41:48","modified_gmt":"2025-11-27T05:41:48","slug":"nuxe-aquabella-emulsion-hydratente-matifiante-50-ml","status":"publish","type":"product","link":"https:\/\/www.hirtenberg-apotheke.at\/katalog\/produkt\/nuxe-aquabella-emulsion-hydratente-matifiante-50-ml\/","title":{"rendered":"Nuxe Aquabella Emulsion Hydratente Matifiante 50 ml"},"content":{"rendered":"<p>Diese feuchtigkeitsspendende Emulsion zieht schnell in die Haut ein und verleiht ihr einen \u201eNude\u201c-Effekt \u2013 perfekt auf die Bed\u00fcrfnisse von Mischhaut abgestimmt: sie versorgt die trockenen Bereiche mit Feuchtigkeit und verbessert sichtbar die Hautqualit\u00e4t. Der 100 % pflanzliche Blur-Komplex [1 angemeldetes Patent FR] gl\u00e4ttet die Haut und garantiert einen nat\u00fcrlich mattierten, frischen Teint.Jedes Alter (Erwachsene), ideal f\u00fcr 18 &#8211; 25 J\u00e4hrige.<\/p>\n","protected":false},"excerpt":{"rendered":"<p>Diese feuchtigkeitsspendende Emulsion zieht schnell in die Haut ein und verleiht ihr einen \u201eNude\u201c-Effekt \u2013 perfekt auf die Bed\u00fcrfnisse von Mischhaut abgestimmt: sie versorgt die trockenen Bereiche mit Feuchtigkeit und verbessert sichtbar die Hautqualit\u00e4t. Der 100 % pflanzliche Blur-Komplex [1 angemeldetes Patent FR] gl\u00e4ttet die Haut und garantiert einen nat\u00fcrlich mattierten, frischen Teint.Jedes Alter (Erwachsene), [&hellip;]<\/p>\n","protected":false},"featured_media":70179,"template":"","meta":{"_acf_changed":false},"product_brand":[720],"product_cat":[310],"product_tag":[],"class_list":{"0":"post-70177","1":"product","2":"type-product","3":"status-publish","4":"has-post-thumbnail","6":"product_brand-nuxe","7":"product_cat-n","8":"pa_packungsgroesse-50ml","10":"first","11":"instock","12":"shipping-taxable","13":"purchasable","14":"product-type-simple"},"acf":[],"_links":{"self":[{"href":"https:\/\/www.hirtenberg-apotheke.at\/katalog\/wp-json\/wp\/v2\/product\/70177","targetHints":{"allow":["GET"]}}],"collection":[{"href":"https:\/\/www.hirtenberg-apotheke.at\/katalog\/wp-json\/wp\/v2\/product"}],"about":[{"href":"https:\/\/www.hirtenberg-apotheke.at\/katalog\/wp-json\/wp\/v2\/types\/product"}],"wp:featuredmedia":[{"embeddable":true,"href":"https:\/\/www.hirtenberg-apotheke.at\/katalog\/wp-json\/wp\/v2\/media\/70179"}],"wp:attachment":[{"href":"https:\/\/www.hirtenberg-apotheke.at\/katalog\/wp-json\/wp\/v2\/media?parent=70177"}],"wp:term":[{"taxonomy":"product_brand","embeddable":true,"href":"https:\/\/www.hirtenberg-apotheke.at\/katalog\/wp-json\/wp\/v2\/product_brand?post=70177"},{"taxonomy":"product_cat","embeddable":true,"href":"https:\/\/www.hirtenberg-apotheke.at\/katalog\/wp-json\/wp\/v2\/product_cat?post=70177"},{"taxonomy":"product_tag","embeddable":true,"href":"https:\/\/www.hirtenberg-apotheke.at\/katalog\/wp-json\/wp\/v2\/product_tag?post=70177"}],"curies":[{"name":"wp","href":"https:\/\/api.w.org\/{rel}","templated":true}]}}