{"id":70455,"date":"2025-11-27T06:49:25","date_gmt":"2025-11-27T05:49:25","guid":{"rendered":"https:\/\/www.hirtenberg-apotheke.at\/katalog\/produkt\/la-roche-posay-pure-vitamin-c10-serum-30-ml\/"},"modified":"2025-11-27T06:49:58","modified_gmt":"2025-11-27T05:49:58","slug":"la-roche-posay-pure-vitamin-c10-serum-30-ml","status":"publish","type":"product","link":"https:\/\/www.hirtenberg-apotheke.at\/katalog\/produkt\/la-roche-posay-pure-vitamin-c10-serum-30-ml\/","title":{"rendered":"La Roche-Posay Pure Vitamin C10 Serum 30 ml"},"content":{"rendered":"<p>Das Pure Vitamin C10 Serum von La Roche-Posay ist eine Anti-Falten-Pflege mit reinem Vitamin C, Salicyls\u00e4ure und Neurosensine. Die innovative Formulierung mit einem hautneutralen pH-Wert sorgt daf\u00fcr, dass empfindliche und fahle Haut ihr Strahlen zur\u00fcckgewinnt.<\/p>\n","protected":false},"excerpt":{"rendered":"<p>Das Pure Vitamin C10 Serum von La Roche-Posay ist eine Anti-Falten-Pflege mit reinem Vitamin C, Salicyls\u00e4ure und Neurosensine. Die innovative Formulierung mit einem hautneutralen pH-Wert sorgt daf\u00fcr, dass empfindliche und fahle Haut ihr Strahlen zur\u00fcckgewinnt.<\/p>\n","protected":false},"featured_media":0,"template":"","meta":{"_acf_changed":false},"product_brand":[692],"product_cat":[317],"product_tag":[],"class_list":{"0":"post-70455","1":"product","2":"type-product","3":"status-publish","5":"product_brand-la-roche-posay","6":"product_cat-l","7":"pa_packungsgroesse-30ml","9":"first","10":"instock","11":"shipping-taxable","12":"purchasable","13":"product-type-simple"},"acf":[],"_links":{"self":[{"href":"https:\/\/www.hirtenberg-apotheke.at\/katalog\/wp-json\/wp\/v2\/product\/70455","targetHints":{"allow":["GET"]}}],"collection":[{"href":"https:\/\/www.hirtenberg-apotheke.at\/katalog\/wp-json\/wp\/v2\/product"}],"about":[{"href":"https:\/\/www.hirtenberg-apotheke.at\/katalog\/wp-json\/wp\/v2\/types\/product"}],"wp:attachment":[{"href":"https:\/\/www.hirtenberg-apotheke.at\/katalog\/wp-json\/wp\/v2\/media?parent=70455"}],"wp:term":[{"taxonomy":"product_brand","embeddable":true,"href":"https:\/\/www.hirtenberg-apotheke.at\/katalog\/wp-json\/wp\/v2\/product_brand?post=70455"},{"taxonomy":"product_cat","embeddable":true,"href":"https:\/\/www.hirtenberg-apotheke.at\/katalog\/wp-json\/wp\/v2\/product_cat?post=70455"},{"taxonomy":"product_tag","embeddable":true,"href":"https:\/\/www.hirtenberg-apotheke.at\/katalog\/wp-json\/wp\/v2\/product_tag?post=70455"}],"curies":[{"name":"wp","href":"https:\/\/api.w.org\/{rel}","templated":true}]}}