{"id":70597,"date":"2025-11-27T06:53:25","date_gmt":"2025-11-27T05:53:25","guid":{"rendered":"https:\/\/www.hirtenberg-apotheke.at\/katalog\/produkt\/ombe-intim-kapseln-56-stk\/"},"modified":"2025-11-27T06:54:00","modified_gmt":"2025-11-27T05:54:00","slug":"ombe-intim-kapseln-56-stk","status":"publish","type":"product","link":"https:\/\/www.hirtenberg-apotheke.at\/katalog\/produkt\/ombe-intim-kapseln-56-stk\/","title":{"rendered":"Ombe Intim Kapseln 56 Stk."},"content":{"rendered":"<p>Ombe Intim Kapseln enth\u00e4lt nat\u00fcrlich im Intimbereich der Frau vorkommende Milchs\u00e4urebaktieren. Je Anwendung werden mindestens 1 Milliarde vermehrungsf\u00e4hige Milchs\u00e4urebakterien aufgenommen. Oral eingenommen gelangen die Probiotika \u00fcber den nat\u00fcrlichen Weg der Verdauung zum Vaginalbereich. Die Besiedelung nach oraler Einnahme wurde in mehreren Studien nachgewiesen..<\/p>\n","protected":false},"excerpt":{"rendered":"<p>Ombe Intim Kapseln enth\u00e4lt nat\u00fcrlich im Intimbereich der Frau vorkommende Milchs\u00e4urebaktieren. Je Anwendung werden mindestens 1 Milliarde vermehrungsf\u00e4hige Milchs\u00e4urebakterien aufgenommen. Oral eingenommen gelangen die Probiotika \u00fcber den nat\u00fcrlichen Weg der Verdauung zum Vaginalbereich. Die Besiedelung nach oraler Einnahme wurde in mehreren Studien nachgewiesen..<\/p>\n","protected":false},"featured_media":0,"template":"","meta":{"_acf_changed":false},"product_brand":[],"product_cat":[349],"product_tag":[],"class_list":{"0":"post-70597","1":"product","2":"type-product","3":"status-publish","5":"product_cat-o","6":"pa_packungsgroesse-56-stueck","8":"first","9":"instock","10":"shipping-taxable","11":"purchasable","12":"product-type-simple"},"acf":[],"_links":{"self":[{"href":"https:\/\/www.hirtenberg-apotheke.at\/katalog\/wp-json\/wp\/v2\/product\/70597","targetHints":{"allow":["GET"]}}],"collection":[{"href":"https:\/\/www.hirtenberg-apotheke.at\/katalog\/wp-json\/wp\/v2\/product"}],"about":[{"href":"https:\/\/www.hirtenberg-apotheke.at\/katalog\/wp-json\/wp\/v2\/types\/product"}],"wp:attachment":[{"href":"https:\/\/www.hirtenberg-apotheke.at\/katalog\/wp-json\/wp\/v2\/media?parent=70597"}],"wp:term":[{"taxonomy":"product_brand","embeddable":true,"href":"https:\/\/www.hirtenberg-apotheke.at\/katalog\/wp-json\/wp\/v2\/product_brand?post=70597"},{"taxonomy":"product_cat","embeddable":true,"href":"https:\/\/www.hirtenberg-apotheke.at\/katalog\/wp-json\/wp\/v2\/product_cat?post=70597"},{"taxonomy":"product_tag","embeddable":true,"href":"https:\/\/www.hirtenberg-apotheke.at\/katalog\/wp-json\/wp\/v2\/product_tag?post=70597"}],"curies":[{"name":"wp","href":"https:\/\/api.w.org\/{rel}","templated":true}]}}