{"id":70772,"date":"2025-11-27T06:57:24","date_gmt":"2025-11-27T05:57:24","guid":{"rendered":"https:\/\/www.hirtenberg-apotheke.at\/katalog\/produkt\/easyrelax-kapseln-60-stk\/"},"modified":"2025-11-27T06:58:09","modified_gmt":"2025-11-27T05:58:09","slug":"easyrelax-kapseln-60-stk","status":"publish","type":"product","link":"https:\/\/www.hirtenberg-apotheke.at\/katalog\/produkt\/easyrelax-kapseln-60-stk\/","title":{"rendered":"Easyrelax Kapseln 60 Stk."},"content":{"rendered":"<p>Easyrelax Kapseln unterst\u00fctzen bei l\u00e4nger andauernden Spannungs- und Stresszust\u00e4nden und k\u00f6nnen zur Beruhigung sowie zur Bew\u00e4ltigung von Stress, Gereiztheit und Nervosit\u00e4t beitragen. easyrelax Kapseln k\u00f6nnen Entspannung, Gelassenheit und Ausgeglichenheit f\u00f6rdern.<\/p>\n","protected":false},"excerpt":{"rendered":"<p>Easyrelax Kapseln unterst\u00fctzen bei l\u00e4nger andauernden Spannungs- und Stresszust\u00e4nden und k\u00f6nnen zur Beruhigung sowie zur Bew\u00e4ltigung von Stress, Gereiztheit und Nervosit\u00e4t beitragen. easyrelax Kapseln k\u00f6nnen Entspannung, Gelassenheit und Ausgeglichenheit f\u00f6rdern.<\/p>\n","protected":false},"featured_media":0,"template":"","meta":{"_acf_changed":false},"product_brand":[],"product_cat":[307],"product_tag":[],"class_list":{"0":"post-70772","1":"product","2":"type-product","3":"status-publish","5":"product_cat-e","6":"pa_packungsgroesse-60-stueck","8":"first","9":"instock","10":"shipping-taxable","11":"purchasable","12":"product-type-simple"},"acf":[],"_links":{"self":[{"href":"https:\/\/www.hirtenberg-apotheke.at\/katalog\/wp-json\/wp\/v2\/product\/70772","targetHints":{"allow":["GET"]}}],"collection":[{"href":"https:\/\/www.hirtenberg-apotheke.at\/katalog\/wp-json\/wp\/v2\/product"}],"about":[{"href":"https:\/\/www.hirtenberg-apotheke.at\/katalog\/wp-json\/wp\/v2\/types\/product"}],"wp:attachment":[{"href":"https:\/\/www.hirtenberg-apotheke.at\/katalog\/wp-json\/wp\/v2\/media?parent=70772"}],"wp:term":[{"taxonomy":"product_brand","embeddable":true,"href":"https:\/\/www.hirtenberg-apotheke.at\/katalog\/wp-json\/wp\/v2\/product_brand?post=70772"},{"taxonomy":"product_cat","embeddable":true,"href":"https:\/\/www.hirtenberg-apotheke.at\/katalog\/wp-json\/wp\/v2\/product_cat?post=70772"},{"taxonomy":"product_tag","embeddable":true,"href":"https:\/\/www.hirtenberg-apotheke.at\/katalog\/wp-json\/wp\/v2\/product_tag?post=70772"}],"curies":[{"name":"wp","href":"https:\/\/api.w.org\/{rel}","templated":true}]}}