{"id":70776,"date":"2025-11-27T06:58:09","date_gmt":"2025-11-27T05:58:09","guid":{"rendered":"https:\/\/www.hirtenberg-apotheke.at\/katalog\/produkt\/eucerin-hyaluron-filler-intensiv-maske-4-stk\/"},"modified":"2025-11-27T06:58:22","modified_gmt":"2025-11-27T05:58:22","slug":"eucerin-hyaluron-filler-intensiv-maske-4-stk","status":"publish","type":"product","link":"https:\/\/www.hirtenberg-apotheke.at\/katalog\/produkt\/eucerin-hyaluron-filler-intensiv-maske-4-stk\/","title":{"rendered":"Eucerin Hyaluron-Filler Intensiv-Maske 4 Stk."},"content":{"rendered":"<p>Die Hyaluron-Filler Intensiv-Maske ist in einem Serum mit lang- und kurzkettiger Hyalurons\u00e4ure getr\u00e4nkt. W\u00e4hrend die langkettige Hyalurons\u00e4ure Feuchtigkeit spendet und am Ursprung feiner Falten in den oberen epidermalen Hautschichten wirkt, dringt die im Vergleich hierzu 40-mal kleinere, kurzkettige Hyalurons\u00e4ure tiefer in die epidermalen Hautschichten ein.<\/p>\n","protected":false},"excerpt":{"rendered":"<p>Die Hyaluron-Filler Intensiv-Maske ist in einem Serum mit lang- und kurzkettiger Hyalurons\u00e4ure getr\u00e4nkt. W\u00e4hrend die langkettige Hyalurons\u00e4ure Feuchtigkeit spendet und am Ursprung feiner Falten in den oberen epidermalen Hautschichten wirkt, dringt die im Vergleich hierzu 40-mal kleinere, kurzkettige Hyalurons\u00e4ure tiefer in die epidermalen Hautschichten ein.<\/p>\n","protected":false},"featured_media":70778,"template":"","meta":{"_acf_changed":false},"product_brand":[694],"product_cat":[307],"product_tag":[],"class_list":{"0":"post-70776","1":"product","2":"type-product","3":"status-publish","4":"has-post-thumbnail","6":"product_brand-eucerin","7":"product_cat-e","8":"pa_packungsgroesse-4-stueck","10":"first","11":"instock","12":"shipping-taxable","13":"purchasable","14":"product-type-simple"},"acf":[],"_links":{"self":[{"href":"https:\/\/www.hirtenberg-apotheke.at\/katalog\/wp-json\/wp\/v2\/product\/70776","targetHints":{"allow":["GET"]}}],"collection":[{"href":"https:\/\/www.hirtenberg-apotheke.at\/katalog\/wp-json\/wp\/v2\/product"}],"about":[{"href":"https:\/\/www.hirtenberg-apotheke.at\/katalog\/wp-json\/wp\/v2\/types\/product"}],"wp:featuredmedia":[{"embeddable":true,"href":"https:\/\/www.hirtenberg-apotheke.at\/katalog\/wp-json\/wp\/v2\/media\/70778"}],"wp:attachment":[{"href":"https:\/\/www.hirtenberg-apotheke.at\/katalog\/wp-json\/wp\/v2\/media?parent=70776"}],"wp:term":[{"taxonomy":"product_brand","embeddable":true,"href":"https:\/\/www.hirtenberg-apotheke.at\/katalog\/wp-json\/wp\/v2\/product_brand?post=70776"},{"taxonomy":"product_cat","embeddable":true,"href":"https:\/\/www.hirtenberg-apotheke.at\/katalog\/wp-json\/wp\/v2\/product_cat?post=70776"},{"taxonomy":"product_tag","embeddable":true,"href":"https:\/\/www.hirtenberg-apotheke.at\/katalog\/wp-json\/wp\/v2\/product_tag?post=70776"}],"curies":[{"name":"wp","href":"https:\/\/api.w.org\/{rel}","templated":true}]}}