{"id":70891,"date":"2025-11-27T07:01:37","date_gmt":"2025-11-27T06:01:37","guid":{"rendered":"https:\/\/www.hirtenberg-apotheke.at\/katalog\/produkt\/vichy-purete-thermale-mineral-mizellen-reinigungsfluid-fuer-mischhaut-bis-fettige-haut-400-ml\/"},"modified":"2025-11-27T07:01:40","modified_gmt":"2025-11-27T06:01:40","slug":"vichy-purete-thermale-mineral-mizellen-reinigungsfluid-fuer-mischhaut-bis-fettige-haut-400-ml","status":"publish","type":"product","link":"https:\/\/www.hirtenberg-apotheke.at\/katalog\/produkt\/vichy-purete-thermale-mineral-mizellen-reinigungsfluid-fuer-mischhaut-bis-fettige-haut-400-ml\/","title":{"rendered":"VICHY Puret\u00e9 Thermale Mineral Mizellen Reinigungsfluid f\u00fcr Mischhaut bis fettige Haut 400 ml"},"content":{"rendered":"<p>VICHY Puret\u00e9 Thermale Min\u00e9ral Mizellen Reinigungsfluid ist ein st\u00e4rkendes Mizellenwasser und eignet sich besonders f\u00fcr eine glatte, mattierte Haut.<\/p>\n","protected":false},"excerpt":{"rendered":"<p>VICHY Puret\u00e9 Thermale Min\u00e9ral Mizellen Reinigungsfluid ist ein st\u00e4rkendes Mizellenwasser und eignet sich besonders f\u00fcr eine glatte, mattierte Haut.<\/p>\n","protected":false},"featured_media":70893,"template":"","meta":{"_acf_changed":false},"product_brand":[691],"product_cat":[300],"product_tag":[],"class_list":{"0":"post-70891","1":"product","2":"type-product","3":"status-publish","4":"has-post-thumbnail","6":"product_brand-vichy","7":"product_cat-v","8":"pa_packungsgroesse-400ml","10":"first","11":"instock","12":"shipping-taxable","13":"purchasable","14":"product-type-simple"},"acf":[],"_links":{"self":[{"href":"https:\/\/www.hirtenberg-apotheke.at\/katalog\/wp-json\/wp\/v2\/product\/70891","targetHints":{"allow":["GET"]}}],"collection":[{"href":"https:\/\/www.hirtenberg-apotheke.at\/katalog\/wp-json\/wp\/v2\/product"}],"about":[{"href":"https:\/\/www.hirtenberg-apotheke.at\/katalog\/wp-json\/wp\/v2\/types\/product"}],"wp:featuredmedia":[{"embeddable":true,"href":"https:\/\/www.hirtenberg-apotheke.at\/katalog\/wp-json\/wp\/v2\/media\/70893"}],"wp:attachment":[{"href":"https:\/\/www.hirtenberg-apotheke.at\/katalog\/wp-json\/wp\/v2\/media?parent=70891"}],"wp:term":[{"taxonomy":"product_brand","embeddable":true,"href":"https:\/\/www.hirtenberg-apotheke.at\/katalog\/wp-json\/wp\/v2\/product_brand?post=70891"},{"taxonomy":"product_cat","embeddable":true,"href":"https:\/\/www.hirtenberg-apotheke.at\/katalog\/wp-json\/wp\/v2\/product_cat?post=70891"},{"taxonomy":"product_tag","embeddable":true,"href":"https:\/\/www.hirtenberg-apotheke.at\/katalog\/wp-json\/wp\/v2\/product_tag?post=70891"}],"curies":[{"name":"wp","href":"https:\/\/api.w.org\/{rel}","templated":true}]}}