{"id":70894,"date":"2025-11-27T07:01:37","date_gmt":"2025-11-27T06:01:37","guid":{"rendered":"https:\/\/www.hirtenberg-apotheke.at\/katalog\/produkt\/vichy-purete-thermale-mineral-mizellen-reinigungsmilch-fuer-trockene-haut-200-ml\/"},"modified":"2025-11-27T07:01:43","modified_gmt":"2025-11-27T06:01:43","slug":"vichy-purete-thermale-mineral-mizellen-reinigungsmilch-fuer-trockene-haut-200-ml","status":"publish","type":"product","link":"https:\/\/www.hirtenberg-apotheke.at\/katalog\/produkt\/vichy-purete-thermale-mineral-mizellen-reinigungsmilch-fuer-trockene-haut-200-ml\/","title":{"rendered":"VICHY Puret\u00e9 Thermale Mineral Mizellen Reinigungsmilch f\u00fcr trockene Haut 200 ml"},"content":{"rendered":"<p>VICHY Puret\u00e9 Thermale Min\u00e9ral Mizellen Reinigungsmilch ist eine starke &#038; beruhigende Reinigungsmilch  entfernt Make-Up und Unreinheiten und eignet sich besonders gut f\u00fcr trockene Haut.<\/p>\n","protected":false},"excerpt":{"rendered":"<p>VICHY Puret\u00e9 Thermale Min\u00e9ral Mizellen Reinigungsmilch ist eine starke &#038; beruhigende Reinigungsmilch entfernt Make-Up und Unreinheiten und eignet sich besonders gut f\u00fcr trockene Haut.<\/p>\n","protected":false},"featured_media":0,"template":"","meta":{"_acf_changed":false},"product_brand":[691],"product_cat":[300],"product_tag":[],"class_list":{"0":"post-70894","1":"product","2":"type-product","3":"status-publish","5":"product_brand-vichy","6":"product_cat-v","7":"pa_packungsgroesse-200ml","9":"first","10":"instock","11":"shipping-taxable","12":"purchasable","13":"product-type-simple"},"acf":[],"_links":{"self":[{"href":"https:\/\/www.hirtenberg-apotheke.at\/katalog\/wp-json\/wp\/v2\/product\/70894","targetHints":{"allow":["GET"]}}],"collection":[{"href":"https:\/\/www.hirtenberg-apotheke.at\/katalog\/wp-json\/wp\/v2\/product"}],"about":[{"href":"https:\/\/www.hirtenberg-apotheke.at\/katalog\/wp-json\/wp\/v2\/types\/product"}],"wp:attachment":[{"href":"https:\/\/www.hirtenberg-apotheke.at\/katalog\/wp-json\/wp\/v2\/media?parent=70894"}],"wp:term":[{"taxonomy":"product_brand","embeddable":true,"href":"https:\/\/www.hirtenberg-apotheke.at\/katalog\/wp-json\/wp\/v2\/product_brand?post=70894"},{"taxonomy":"product_cat","embeddable":true,"href":"https:\/\/www.hirtenberg-apotheke.at\/katalog\/wp-json\/wp\/v2\/product_cat?post=70894"},{"taxonomy":"product_tag","embeddable":true,"href":"https:\/\/www.hirtenberg-apotheke.at\/katalog\/wp-json\/wp\/v2\/product_tag?post=70894"}],"curies":[{"name":"wp","href":"https:\/\/api.w.org\/{rel}","templated":true}]}}