{"id":70982,"date":"2025-11-27T07:04:08","date_gmt":"2025-11-27T06:04:08","guid":{"rendered":"https:\/\/www.hirtenberg-apotheke.at\/katalog\/produkt\/nicapur-vitamin-d3-10-000-kapseln-60-stk\/"},"modified":"2025-11-27T07:04:51","modified_gmt":"2025-11-27T06:04:51","slug":"nicapur-vitamin-d3-10-000-kapseln-60-stk","status":"publish","type":"product","link":"https:\/\/www.hirtenberg-apotheke.at\/katalog\/produkt\/nicapur-vitamin-d3-10-000-kapseln-60-stk\/","title":{"rendered":"Nicapur Vitamin D3 10.000 Kapseln 60 Stk."},"content":{"rendered":"<p>Nicapur Vitamin D3 10.000 Kapseln k\u00f6nnen auch als &#8222;Knochenvitamin-Kapseln&#8220; bezeichnet werden. Allerdings beinflussen sie auch viele andere Funktionen des K\u00f6rpers. Sie unterst\u00fctzen unter anderem die normale Funktion des Immunsystems, sind wichtig f\u00fcr die Knochen und die Aufrechterhaltung eines normalen Calciumspiegels im Blut.<\/p>\n","protected":false},"excerpt":{"rendered":"<p>Nicapur Vitamin D3 10.000 Kapseln k\u00f6nnen auch als &#8222;Knochenvitamin-Kapseln&#8220; bezeichnet werden. Allerdings beinflussen sie auch viele andere Funktionen des K\u00f6rpers. Sie unterst\u00fctzen unter anderem die normale Funktion des Immunsystems, sind wichtig f\u00fcr die Knochen und die Aufrechterhaltung eines normalen Calciumspiegels im Blut.<\/p>\n","protected":false},"featured_media":70984,"template":"","meta":{"_acf_changed":false},"product_brand":[309],"product_cat":[310],"product_tag":[],"class_list":{"0":"post-70982","1":"product","2":"type-product","3":"status-publish","4":"has-post-thumbnail","6":"product_brand-nicapur","7":"product_cat-n","8":"pa_packungsgroesse-60-stueck","10":"first","11":"instock","12":"shipping-taxable","13":"purchasable","14":"product-type-simple"},"acf":[],"_links":{"self":[{"href":"https:\/\/www.hirtenberg-apotheke.at\/katalog\/wp-json\/wp\/v2\/product\/70982","targetHints":{"allow":["GET"]}}],"collection":[{"href":"https:\/\/www.hirtenberg-apotheke.at\/katalog\/wp-json\/wp\/v2\/product"}],"about":[{"href":"https:\/\/www.hirtenberg-apotheke.at\/katalog\/wp-json\/wp\/v2\/types\/product"}],"wp:featuredmedia":[{"embeddable":true,"href":"https:\/\/www.hirtenberg-apotheke.at\/katalog\/wp-json\/wp\/v2\/media\/70984"}],"wp:attachment":[{"href":"https:\/\/www.hirtenberg-apotheke.at\/katalog\/wp-json\/wp\/v2\/media?parent=70982"}],"wp:term":[{"taxonomy":"product_brand","embeddable":true,"href":"https:\/\/www.hirtenberg-apotheke.at\/katalog\/wp-json\/wp\/v2\/product_brand?post=70982"},{"taxonomy":"product_cat","embeddable":true,"href":"https:\/\/www.hirtenberg-apotheke.at\/katalog\/wp-json\/wp\/v2\/product_cat?post=70982"},{"taxonomy":"product_tag","embeddable":true,"href":"https:\/\/www.hirtenberg-apotheke.at\/katalog\/wp-json\/wp\/v2\/product_tag?post=70982"}],"curies":[{"name":"wp","href":"https:\/\/api.w.org\/{rel}","templated":true}]}}