{"id":70991,"date":"2025-11-27T07:04:08","date_gmt":"2025-11-27T06:04:08","guid":{"rendered":"https:\/\/www.hirtenberg-apotheke.at\/katalog\/produkt\/peeroton-mineral-vitamin-drink-johannisbeere-400-g\/"},"modified":"2025-11-27T07:04:54","modified_gmt":"2025-11-27T06:04:54","slug":"peeroton-mineral-vitamin-drink-johannisbeere-400-g","status":"publish","type":"product","link":"https:\/\/www.hirtenberg-apotheke.at\/katalog\/produkt\/peeroton-mineral-vitamin-drink-johannisbeere-400-g\/","title":{"rendered":"Peeroton Mineral Vitamin Drink Johannisbeere 400 g"},"content":{"rendered":"<p>Peeroton Mineral Vitamin Drink ist ein hypotones Getr\u00e4nkepulver zur Herstellung eines kalorienarmen Sportgetr\u00e4nks, welches die Abwehrkr\u00e4fte im Alltag verbessert und die Leistungsf\u00e4higkeit w\u00e4hrend des Sports steigert. Peeroton Mineral Vitamin Drink unterst\u00fctzt Sie und Ihren K\u00f6rper in belastenden und anstrengenden Situationen. Besonders bei intensiven Trainingseinheiten, aber auch im Alltag kann der Vitamindrink deutlich sichtbare Verbesserungen des Allgemeinzustandes und der Leistungsf\u00e4higkeit des K\u00f6rpers unterst\u00fctzen. Durch die schnelle Versorgung des K\u00f6rpers mit wichtigen Elektrolyten wird die Regenerationsphase verk\u00fcrzt und der Energiespeicher rascher wieder aufgef\u00fcllt. Der Peeroton Mineral Vitamin Drink beinhaltet zudem wichtige Spurenelemente wie zum Beispiel Zink, welches das Immunsystem st\u00e4rkt, und Magnesium, welches vor allem nach dem Training die Regeneration der Muskeln unterst\u00fctzt. Peeroton Mineral Vitamin Drink ist in vielen verschiedenen, leckeren Geschmacksrichtungen verf\u00fcgbar und besonders ergiebig in der Anwendung.<\/p>\n","protected":false},"excerpt":{"rendered":"<p>Peeroton Mineral Vitamin Drink ist ein hypotones Getr\u00e4nkepulver zur Herstellung eines kalorienarmen Sportgetr\u00e4nks, welches die Abwehrkr\u00e4fte im Alltag verbessert und die Leistungsf\u00e4higkeit w\u00e4hrend des Sports steigert. Peeroton Mineral Vitamin Drink unterst\u00fctzt Sie und Ihren K\u00f6rper in belastenden und anstrengenden Situationen. Besonders bei intensiven Trainingseinheiten, aber auch im Alltag kann der Vitamindrink deutlich sichtbare Verbesserungen des [&hellip;]<\/p>\n","protected":false},"featured_media":70993,"template":"","meta":{"_acf_changed":false},"product_brand":[611],"product_cat":[302],"product_tag":[],"class_list":{"0":"post-70991","1":"product","2":"type-product","3":"status-publish","4":"has-post-thumbnail","6":"product_brand-peeroton","7":"product_cat-p","8":"pa_packungsgroesse-400g","10":"first","11":"instock","12":"shipping-taxable","13":"purchasable","14":"product-type-simple"},"acf":[],"_links":{"self":[{"href":"https:\/\/www.hirtenberg-apotheke.at\/katalog\/wp-json\/wp\/v2\/product\/70991","targetHints":{"allow":["GET"]}}],"collection":[{"href":"https:\/\/www.hirtenberg-apotheke.at\/katalog\/wp-json\/wp\/v2\/product"}],"about":[{"href":"https:\/\/www.hirtenberg-apotheke.at\/katalog\/wp-json\/wp\/v2\/types\/product"}],"wp:featuredmedia":[{"embeddable":true,"href":"https:\/\/www.hirtenberg-apotheke.at\/katalog\/wp-json\/wp\/v2\/media\/70993"}],"wp:attachment":[{"href":"https:\/\/www.hirtenberg-apotheke.at\/katalog\/wp-json\/wp\/v2\/media?parent=70991"}],"wp:term":[{"taxonomy":"product_brand","embeddable":true,"href":"https:\/\/www.hirtenberg-apotheke.at\/katalog\/wp-json\/wp\/v2\/product_brand?post=70991"},{"taxonomy":"product_cat","embeddable":true,"href":"https:\/\/www.hirtenberg-apotheke.at\/katalog\/wp-json\/wp\/v2\/product_cat?post=70991"},{"taxonomy":"product_tag","embeddable":true,"href":"https:\/\/www.hirtenberg-apotheke.at\/katalog\/wp-json\/wp\/v2\/product_tag?post=70991"}],"curies":[{"name":"wp","href":"https:\/\/api.w.org\/{rel}","templated":true}]}}