{"id":71013,"date":"2025-11-27T07:04:57","date_gmt":"2025-11-27T06:04:57","guid":{"rendered":"https:\/\/www.hirtenberg-apotheke.at\/katalog\/produkt\/floramed-opc-polyphenol-resveratrol-60-kapseln\/"},"modified":"2025-11-27T07:05:27","modified_gmt":"2025-11-27T06:05:27","slug":"floramed-opc-polyphenol-resveratrol-60-kapseln","status":"publish","type":"product","link":"https:\/\/www.hirtenberg-apotheke.at\/katalog\/produkt\/floramed-opc-polyphenol-resveratrol-60-kapseln\/","title":{"rendered":"Floramed OPC Polyphenol Resveratrol, 60 Kapseln"},"content":{"rendered":"<p>Floramed OPC Polyphenol Resveratrol Kapseln enthalten\u00a0Riboflavin das den Energiestoffwechsel unterst\u00fctzt und Mangan sch\u00fctzt die Zellen vor oxidativem Stress. Laktose- und Glutenfrei. F\u00fcr Vegetarier und Veganer geeignet.Health Claims &#8211; gesundheitsbezogene AussagenVitamin C, Niacin, Mangan, Riboflavin und Thiamin tragen zu einem normalen Energiestoffwechsel beiVitamin C, Vitamin E, Mangan und Riboflavin tragen dazu bei, die Zellen vor oxidativem Stress zu sch\u00fctzen<\/p>\n","protected":false},"excerpt":{"rendered":"<p>Floramed OPC Polyphenol Resveratrol Kapseln enthalten\u00a0Riboflavin das den Energiestoffwechsel unterst\u00fctzt und Mangan sch\u00fctzt die Zellen vor oxidativem Stress. Laktose- und Glutenfrei. F\u00fcr Vegetarier und Veganer geeignet.Health Claims &#8211; gesundheitsbezogene AussagenVitamin C, Niacin, Mangan, Riboflavin und Thiamin tragen zu einem normalen Energiestoffwechsel beiVitamin C, Vitamin E, Mangan und Riboflavin tragen dazu bei, die Zellen vor oxidativem [&hellip;]<\/p>\n","protected":false},"featured_media":71015,"template":"","meta":{"_acf_changed":false},"product_brand":[],"product_cat":[322],"product_tag":[],"class_list":{"0":"post-71013","1":"product","2":"type-product","3":"status-publish","4":"has-post-thumbnail","6":"product_cat-f","7":"pa_packungsgroesse-60-stueck","9":"first","10":"instock","11":"shipping-taxable","12":"purchasable","13":"product-type-simple"},"acf":[],"_links":{"self":[{"href":"https:\/\/www.hirtenberg-apotheke.at\/katalog\/wp-json\/wp\/v2\/product\/71013","targetHints":{"allow":["GET"]}}],"collection":[{"href":"https:\/\/www.hirtenberg-apotheke.at\/katalog\/wp-json\/wp\/v2\/product"}],"about":[{"href":"https:\/\/www.hirtenberg-apotheke.at\/katalog\/wp-json\/wp\/v2\/types\/product"}],"wp:featuredmedia":[{"embeddable":true,"href":"https:\/\/www.hirtenberg-apotheke.at\/katalog\/wp-json\/wp\/v2\/media\/71015"}],"wp:attachment":[{"href":"https:\/\/www.hirtenberg-apotheke.at\/katalog\/wp-json\/wp\/v2\/media?parent=71013"}],"wp:term":[{"taxonomy":"product_brand","embeddable":true,"href":"https:\/\/www.hirtenberg-apotheke.at\/katalog\/wp-json\/wp\/v2\/product_brand?post=71013"},{"taxonomy":"product_cat","embeddable":true,"href":"https:\/\/www.hirtenberg-apotheke.at\/katalog\/wp-json\/wp\/v2\/product_cat?post=71013"},{"taxonomy":"product_tag","embeddable":true,"href":"https:\/\/www.hirtenberg-apotheke.at\/katalog\/wp-json\/wp\/v2\/product_tag?post=71013"}],"curies":[{"name":"wp","href":"https:\/\/api.w.org\/{rel}","templated":true}]}}