{"id":71028,"date":"2025-11-27T07:05:46","date_gmt":"2025-11-27T06:05:46","guid":{"rendered":"https:\/\/www.hirtenberg-apotheke.at\/katalog\/produkt\/floramed-l-carnitin-duo-coenzym-q10-60-kapseln\/"},"modified":"2025-11-27T07:05:57","modified_gmt":"2025-11-27T06:05:57","slug":"floramed-l-carnitin-duo-coenzym-q10-60-kapseln","status":"publish","type":"product","link":"https:\/\/www.hirtenberg-apotheke.at\/katalog\/produkt\/floramed-l-carnitin-duo-coenzym-q10-60-kapseln\/","title":{"rendered":"Floramed L-Carnitin &#8211; DUO Coenzym Q10, 60 Kapseln"},"content":{"rendered":"<p>Floramed L-Carnitin Duo Coenzym Q10 Kapseln enthalten Vitamin B1 (Thiamin) unterst\u00fctzt die Herzfunktion Vitamin B12 unterst\u00fctzt die normale Bildung roter Blutk\u00f6rperchen Laktose- und Glutenfrei &#8211; dieses und weitere Produkte von Floramed mit hohem Rabatt bestellen!Health Claims &#8211; gesundheitsbezogene AussagenVitamin B12 tr\u00e4gt zur Verringerung von M\u00fcdigkeit und Erm\u00fcdung beiVitamin B12 tr\u00e4gt zu einer normalen Bildung roter Blutk\u00f6rperchen beiThiamin tr\u00e4gt zu einer normalen Herzfunktion bei<\/p>\n","protected":false},"excerpt":{"rendered":"<p>Floramed L-Carnitin Duo Coenzym Q10 Kapseln enthalten Vitamin B1 (Thiamin) unterst\u00fctzt die Herzfunktion Vitamin B12 unterst\u00fctzt die normale Bildung roter Blutk\u00f6rperchen Laktose- und Glutenfrei &#8211; dieses und weitere Produkte von Floramed mit hohem Rabatt bestellen!Health Claims &#8211; gesundheitsbezogene AussagenVitamin B12 tr\u00e4gt zur Verringerung von M\u00fcdigkeit und Erm\u00fcdung beiVitamin B12 tr\u00e4gt zu einer normalen Bildung roter [&hellip;]<\/p>\n","protected":false},"featured_media":71030,"template":"","meta":{"_acf_changed":false},"product_brand":[],"product_cat":[322],"product_tag":[],"class_list":{"0":"post-71028","1":"product","2":"type-product","3":"status-publish","4":"has-post-thumbnail","6":"product_cat-f","7":"pa_packungsgroesse-60-stueck","9":"first","10":"instock","11":"shipping-taxable","12":"purchasable","13":"product-type-simple"},"acf":[],"_links":{"self":[{"href":"https:\/\/www.hirtenberg-apotheke.at\/katalog\/wp-json\/wp\/v2\/product\/71028","targetHints":{"allow":["GET"]}}],"collection":[{"href":"https:\/\/www.hirtenberg-apotheke.at\/katalog\/wp-json\/wp\/v2\/product"}],"about":[{"href":"https:\/\/www.hirtenberg-apotheke.at\/katalog\/wp-json\/wp\/v2\/types\/product"}],"wp:featuredmedia":[{"embeddable":true,"href":"https:\/\/www.hirtenberg-apotheke.at\/katalog\/wp-json\/wp\/v2\/media\/71030"}],"wp:attachment":[{"href":"https:\/\/www.hirtenberg-apotheke.at\/katalog\/wp-json\/wp\/v2\/media?parent=71028"}],"wp:term":[{"taxonomy":"product_brand","embeddable":true,"href":"https:\/\/www.hirtenberg-apotheke.at\/katalog\/wp-json\/wp\/v2\/product_brand?post=71028"},{"taxonomy":"product_cat","embeddable":true,"href":"https:\/\/www.hirtenberg-apotheke.at\/katalog\/wp-json\/wp\/v2\/product_cat?post=71028"},{"taxonomy":"product_tag","embeddable":true,"href":"https:\/\/www.hirtenberg-apotheke.at\/katalog\/wp-json\/wp\/v2\/product_tag?post=71028"}],"curies":[{"name":"wp","href":"https:\/\/api.w.org\/{rel}","templated":true}]}}