{"id":71130,"date":"2025-11-27T07:08:46","date_gmt":"2025-11-27T06:08:46","guid":{"rendered":"https:\/\/www.hirtenberg-apotheke.at\/katalog\/produkt\/cevitt-immun-heisse-zitrone-zuckerfrei\/"},"modified":"2025-11-27T07:09:03","modified_gmt":"2025-11-27T06:09:03","slug":"cevitt-immun-heisse-zitrone-zuckerfrei","status":"publish","type":"product","link":"https:\/\/www.hirtenberg-apotheke.at\/katalog\/produkt\/cevitt-immun-heisse-zitrone-zuckerfrei\/","title":{"rendered":"Cevitt Immun Hei\u00dfe Zitrone zuckerfrei"},"content":{"rendered":"<p>Cevitt immun\u00ae Hei\u00dfe Zitrone zuckerfrei greift ein altbew\u00e4hrtes Hausmittel zur Unterst\u00fctzung des Immunsystems in neuer Form auf. Schon unsere Gro\u00dfeltern wussten, dass W\u00e4rme und Vitamin C gut f\u00fcr die Immunabwehr sind. Doch fr\u00fcher ging unweigerlich ein Gro\u00dfteil des Vitamin C beim Erhitzen verloren. Ganz anders bei Cevitt immun\u00ae Hei\u00dfe Zitrone: Der HERMES Forschung ist es gelungen, eine Rezeptur zu entwickeln, in der das hitzeempfindliche Vitamin C stabil bleibt! Mit Cevitt immun\u00ae Hei\u00dfgetr\u00e4nken sind Sie also in Sachen Vitamin-C-Zufuhr auf der sicheren Seite. Die neue Rezeptur wird durch 10 mg Zink und Citrus-Flavonoide abgerundet. Genie\u00dfen Sie mit Cevitt immun\u00ae Hei\u00dfe Zitrone die volle Vitamin-C-Power im Handumdrehen!<\/p>\n","protected":false},"excerpt":{"rendered":"<p>Cevitt immun\u00ae Hei\u00dfe Zitrone zuckerfrei greift ein altbew\u00e4hrtes Hausmittel zur Unterst\u00fctzung des Immunsystems in neuer Form auf. Schon unsere Gro\u00dfeltern wussten, dass W\u00e4rme und Vitamin C gut f\u00fcr die Immunabwehr sind. Doch fr\u00fcher ging unweigerlich ein Gro\u00dfteil des Vitamin C beim Erhitzen verloren. Ganz anders bei Cevitt immun\u00ae Hei\u00dfe Zitrone: Der HERMES Forschung ist es [&hellip;]<\/p>\n","protected":false},"featured_media":0,"template":"","meta":{"_acf_changed":false},"product_brand":[512],"product_cat":[337],"product_tag":[],"class_list":{"0":"post-71130","1":"product","2":"type-product","3":"status-publish","5":"product_brand-cevitt","6":"product_cat-c","7":"pa_packungsgroesse-14-beutel","9":"first","10":"instock","11":"shipping-taxable","12":"purchasable","13":"product-type-simple"},"acf":[],"_links":{"self":[{"href":"https:\/\/www.hirtenberg-apotheke.at\/katalog\/wp-json\/wp\/v2\/product\/71130","targetHints":{"allow":["GET"]}}],"collection":[{"href":"https:\/\/www.hirtenberg-apotheke.at\/katalog\/wp-json\/wp\/v2\/product"}],"about":[{"href":"https:\/\/www.hirtenberg-apotheke.at\/katalog\/wp-json\/wp\/v2\/types\/product"}],"wp:attachment":[{"href":"https:\/\/www.hirtenberg-apotheke.at\/katalog\/wp-json\/wp\/v2\/media?parent=71130"}],"wp:term":[{"taxonomy":"product_brand","embeddable":true,"href":"https:\/\/www.hirtenberg-apotheke.at\/katalog\/wp-json\/wp\/v2\/product_brand?post=71130"},{"taxonomy":"product_cat","embeddable":true,"href":"https:\/\/www.hirtenberg-apotheke.at\/katalog\/wp-json\/wp\/v2\/product_cat?post=71130"},{"taxonomy":"product_tag","embeddable":true,"href":"https:\/\/www.hirtenberg-apotheke.at\/katalog\/wp-json\/wp\/v2\/product_tag?post=71130"}],"curies":[{"name":"wp","href":"https:\/\/api.w.org\/{rel}","templated":true}]}}