{"id":71437,"date":"2025-11-27T07:16:30","date_gmt":"2025-11-27T06:16:30","guid":{"rendered":"https:\/\/www.hirtenberg-apotheke.at\/katalog\/produkt\/pure-encapsulations-l-glutamin-kapseln-90-stk\/"},"modified":"2025-11-27T07:17:03","modified_gmt":"2025-11-27T06:17:03","slug":"pure-encapsulations-l-glutamin-kapseln-90-stk","status":"publish","type":"product","link":"https:\/\/www.hirtenberg-apotheke.at\/katalog\/produkt\/pure-encapsulations-l-glutamin-kapseln-90-stk\/","title":{"rendered":"Pure Encapsulations L-Glutamin Kapseln 90 Stk."},"content":{"rendered":"<p>Im K\u00f6rper wird die Aminos\u00e4ure L-Glutamin im Muskel gebildet und liegt dort auch in den h\u00f6chsten Konzentrationen vor. Sie \u00fcbernimmt eine Vielzahl von Funktionen im Rahmen des Stoffwechsels und tr\u00e4gt beispielsweise zur Bildung von Glutathion bei. L-Glutamin wird von bestimmten K\u00f6rperzellen, wie etwa Muskel- oder Darmschleimhautzellen als Energiequelle genutzt. Steigt ihr Energiebedarf, so steigt auch die Menge an ben\u00f6tigtem L-Glutamin. Obwohl der K\u00f6rper L-Glutamin selbst herstellen kann, ist gerade in Zeiten erh\u00f6hten Bedarfs eine ausreichende Zufuhr \u00fcber die Nahrung unerl\u00e4sslich &#8211; Jetzt online bestellen<\/p>\n","protected":false},"excerpt":{"rendered":"<p>Im K\u00f6rper wird die Aminos\u00e4ure L-Glutamin im Muskel gebildet und liegt dort auch in den h\u00f6chsten Konzentrationen vor. Sie \u00fcbernimmt eine Vielzahl von Funktionen im Rahmen des Stoffwechsels und tr\u00e4gt beispielsweise zur Bildung von Glutathion bei. L-Glutamin wird von bestimmten K\u00f6rperzellen, wie etwa Muskel- oder Darmschleimhautzellen als Energiequelle genutzt. Steigt ihr Energiebedarf, so steigt auch [&hellip;]<\/p>\n","protected":false},"featured_media":71439,"template":"","meta":{"_acf_changed":false},"product_brand":[1033],"product_cat":[302],"product_tag":[],"class_list":{"0":"post-71437","1":"product","2":"type-product","3":"status-publish","4":"has-post-thumbnail","6":"product_brand-pure-encapsulations","7":"product_cat-p","8":"pa_packungsgroesse-90-stueck","10":"first","11":"instock","12":"shipping-taxable","13":"purchasable","14":"product-type-simple"},"acf":[],"_links":{"self":[{"href":"https:\/\/www.hirtenberg-apotheke.at\/katalog\/wp-json\/wp\/v2\/product\/71437","targetHints":{"allow":["GET"]}}],"collection":[{"href":"https:\/\/www.hirtenberg-apotheke.at\/katalog\/wp-json\/wp\/v2\/product"}],"about":[{"href":"https:\/\/www.hirtenberg-apotheke.at\/katalog\/wp-json\/wp\/v2\/types\/product"}],"wp:featuredmedia":[{"embeddable":true,"href":"https:\/\/www.hirtenberg-apotheke.at\/katalog\/wp-json\/wp\/v2\/media\/71439"}],"wp:attachment":[{"href":"https:\/\/www.hirtenberg-apotheke.at\/katalog\/wp-json\/wp\/v2\/media?parent=71437"}],"wp:term":[{"taxonomy":"product_brand","embeddable":true,"href":"https:\/\/www.hirtenberg-apotheke.at\/katalog\/wp-json\/wp\/v2\/product_brand?post=71437"},{"taxonomy":"product_cat","embeddable":true,"href":"https:\/\/www.hirtenberg-apotheke.at\/katalog\/wp-json\/wp\/v2\/product_cat?post=71437"},{"taxonomy":"product_tag","embeddable":true,"href":"https:\/\/www.hirtenberg-apotheke.at\/katalog\/wp-json\/wp\/v2\/product_tag?post=71437"}],"curies":[{"name":"wp","href":"https:\/\/api.w.org\/{rel}","templated":true}]}}