{"id":7193,"date":"2025-11-25T13:25:24","date_gmt":"2025-11-25T12:25:24","guid":{"rendered":"https:\/\/www.hirtenberg-apotheke.at\/katalog\/produkt\/gerot-lannacher-allernon-tabletten-10mg-antihistaminikum\/"},"modified":"2025-11-25T13:26:09","modified_gmt":"2025-11-25T12:26:09","slug":"gerot-lannacher-allernon-tabletten-10mg-antihistaminikum","status":"publish","type":"product","link":"https:\/\/www.hirtenberg-apotheke.at\/katalog\/produkt\/gerot-lannacher-allernon-tabletten-10mg-antihistaminikum\/","title":{"rendered":"Gerot Lannacher ALLERNON Tabletten 10mg &#8211; Antihistaminikum"},"content":{"rendered":"<p>Allernon Tabletten sind sogenannte Antihistaminika und eignet sich ideal f\u00fcr die symptomatische Therapie von allergischer Rhinitis (Heuschnupfen) und chronischer, idiopathischer Urtikaria (Nesselsucht, mit Juckreiz, R\u00f6tung und Quaddeln der Haut). Sie lindern Juckreiz, wirken schleimhautabschwellend und vermindern \u00fcberm\u00e4\u00dfige Fl\u00fcssigkeitsabsonderung aus den Schleimh\u00e4uten.<\/p>\n","protected":false},"excerpt":{"rendered":"<p>Allernon Tabletten sind sogenannte Antihistaminika und eignet sich ideal f\u00fcr die symptomatische Therapie von allergischer Rhinitis (Heuschnupfen) und chronischer, idiopathischer Urtikaria (Nesselsucht, mit Juckreiz, R\u00f6tung und Quaddeln der Haut). Sie lindern Juckreiz, wirken schleimhautabschwellend und vermindern \u00fcberm\u00e4\u00dfige Fl\u00fcssigkeitsabsonderung aus den Schleimh\u00e4uten.<\/p>\n","protected":false},"featured_media":7195,"template":"","meta":{"_acf_changed":false},"product_brand":[],"product_cat":[328],"product_tag":[],"class_list":{"0":"post-7193","1":"product","2":"type-product","3":"status-publish","4":"has-post-thumbnail","6":"product_cat-g","7":"pa_packungsgroesse-30-stueck","9":"first","10":"instock","11":"shipping-taxable","12":"purchasable","13":"product-type-simple"},"acf":[],"_links":{"self":[{"href":"https:\/\/www.hirtenberg-apotheke.at\/katalog\/wp-json\/wp\/v2\/product\/7193","targetHints":{"allow":["GET"]}}],"collection":[{"href":"https:\/\/www.hirtenberg-apotheke.at\/katalog\/wp-json\/wp\/v2\/product"}],"about":[{"href":"https:\/\/www.hirtenberg-apotheke.at\/katalog\/wp-json\/wp\/v2\/types\/product"}],"wp:featuredmedia":[{"embeddable":true,"href":"https:\/\/www.hirtenberg-apotheke.at\/katalog\/wp-json\/wp\/v2\/media\/7195"}],"wp:attachment":[{"href":"https:\/\/www.hirtenberg-apotheke.at\/katalog\/wp-json\/wp\/v2\/media?parent=7193"}],"wp:term":[{"taxonomy":"product_brand","embeddable":true,"href":"https:\/\/www.hirtenberg-apotheke.at\/katalog\/wp-json\/wp\/v2\/product_brand?post=7193"},{"taxonomy":"product_cat","embeddable":true,"href":"https:\/\/www.hirtenberg-apotheke.at\/katalog\/wp-json\/wp\/v2\/product_cat?post=7193"},{"taxonomy":"product_tag","embeddable":true,"href":"https:\/\/www.hirtenberg-apotheke.at\/katalog\/wp-json\/wp\/v2\/product_tag?post=7193"}],"curies":[{"name":"wp","href":"https:\/\/api.w.org\/{rel}","templated":true}]}}