{"id":72051,"date":"2025-11-27T07:33:37","date_gmt":"2025-11-27T06:33:37","guid":{"rendered":"https:\/\/www.hirtenberg-apotheke.at\/katalog\/produkt\/rubaxx-plus-30-ml\/"},"modified":"2025-11-27T07:34:30","modified_gmt":"2025-11-27T06:34:30","slug":"rubaxx-plus-30-ml","status":"publish","type":"product","link":"https:\/\/www.hirtenberg-apotheke.at\/katalog\/produkt\/rubaxx-plus-30-ml\/","title":{"rendered":"RubaXX Plus 30 ml"},"content":{"rendered":"<p>RubaXX Plus ist eine hom\u00f6opathische Arzneispezialit\u00e4t. Die Hom\u00f6opathie versteht sich als Regulationstherapie bei akuten und chronischen Erkrankungen. Die Anwendungsgebiete leiten sich von den hom\u00f6opathischen Arzneimittelbildern ab. F\u00fcr dieses Arzneimittel sind folgende Anwendungsgebiete zugelassen:\u2022 Schmerzen in Gelenken und Muskeln\u2022 Folgen von Verletzungen und \u00dcberanstrengungenDie Anwendung dieses hom\u00f6opathischen Arzneimittels in den genannten Anwendungsgebieten beruht ausschlie\u00dflich auf hom\u00f6opathischer Erfahrung. Bei schweren Formen dieser Erkrankungen ist eine klinisch belegte Therapie angezeigt.<\/p>\n","protected":false},"excerpt":{"rendered":"<p>RubaXX Plus ist eine hom\u00f6opathische Arzneispezialit\u00e4t. Die Hom\u00f6opathie versteht sich als Regulationstherapie bei akuten und chronischen Erkrankungen. Die Anwendungsgebiete leiten sich von den hom\u00f6opathischen Arzneimittelbildern ab. F\u00fcr dieses Arzneimittel sind folgende Anwendungsgebiete zugelassen:\u2022 Schmerzen in Gelenken und Muskeln\u2022 Folgen von Verletzungen und \u00dcberanstrengungenDie Anwendung dieses hom\u00f6opathischen Arzneimittels in den genannten Anwendungsgebieten beruht ausschlie\u00dflich auf hom\u00f6opathischer [&hellip;]<\/p>\n","protected":false},"featured_media":72053,"template":"","meta":{"_acf_changed":false},"product_brand":[1348],"product_cat":[311],"product_tag":[],"class_list":{"0":"post-72051","1":"product","2":"type-product","3":"status-publish","4":"has-post-thumbnail","6":"product_brand-rubaxx","7":"product_cat-r","8":"pa_packungsgroesse-30ml","10":"first","11":"instock","12":"shipping-taxable","13":"purchasable","14":"product-type-simple"},"acf":[],"_links":{"self":[{"href":"https:\/\/www.hirtenberg-apotheke.at\/katalog\/wp-json\/wp\/v2\/product\/72051","targetHints":{"allow":["GET"]}}],"collection":[{"href":"https:\/\/www.hirtenberg-apotheke.at\/katalog\/wp-json\/wp\/v2\/product"}],"about":[{"href":"https:\/\/www.hirtenberg-apotheke.at\/katalog\/wp-json\/wp\/v2\/types\/product"}],"wp:featuredmedia":[{"embeddable":true,"href":"https:\/\/www.hirtenberg-apotheke.at\/katalog\/wp-json\/wp\/v2\/media\/72053"}],"wp:attachment":[{"href":"https:\/\/www.hirtenberg-apotheke.at\/katalog\/wp-json\/wp\/v2\/media?parent=72051"}],"wp:term":[{"taxonomy":"product_brand","embeddable":true,"href":"https:\/\/www.hirtenberg-apotheke.at\/katalog\/wp-json\/wp\/v2\/product_brand?post=72051"},{"taxonomy":"product_cat","embeddable":true,"href":"https:\/\/www.hirtenberg-apotheke.at\/katalog\/wp-json\/wp\/v2\/product_cat?post=72051"},{"taxonomy":"product_tag","embeddable":true,"href":"https:\/\/www.hirtenberg-apotheke.at\/katalog\/wp-json\/wp\/v2\/product_tag?post=72051"}],"curies":[{"name":"wp","href":"https:\/\/api.w.org\/{rel}","templated":true}]}}