{"id":72171,"date":"2025-11-27T07:37:49","date_gmt":"2025-11-27T06:37:49","guid":{"rendered":"https:\/\/www.hirtenberg-apotheke.at\/katalog\/produkt\/vichy-neovadiol-magistral-nacht-50-ml\/"},"modified":"2025-11-27T07:38:13","modified_gmt":"2025-11-27T06:38:13","slug":"vichy-neovadiol-magistral-nacht-50-ml","status":"publish","type":"product","link":"https:\/\/www.hirtenberg-apotheke.at\/katalog\/produkt\/vichy-neovadiol-magistral-nacht-50-ml\/","title":{"rendered":"VICHY Neovadiol Magistral Nacht 50 ml"},"content":{"rendered":"<p>Sofortige &#038; langanhaltende Auff\u00fcllung der nat\u00fcrlichen Lipiddepots. Optimale Feuchtigkeits-&#038;N\u00e4hrstoffversorgung, verbesserte Hautregeneration und ein intensives Wohlgef\u00fchl.<\/p>\n","protected":false},"excerpt":{"rendered":"<p>Sofortige &#038; langanhaltende Auff\u00fcllung der nat\u00fcrlichen Lipiddepots. Optimale Feuchtigkeits-&#038;N\u00e4hrstoffversorgung, verbesserte Hautregeneration und ein intensives Wohlgef\u00fchl.<\/p>\n","protected":false},"featured_media":0,"template":"","meta":{"_acf_changed":false},"product_brand":[691],"product_cat":[300],"product_tag":[],"class_list":{"0":"post-72171","1":"product","2":"type-product","3":"status-publish","5":"product_brand-vichy","6":"product_cat-v","7":"pa_packungsgroesse-50ml","9":"first","10":"instock","11":"shipping-taxable","12":"purchasable","13":"product-type-simple"},"acf":[],"_links":{"self":[{"href":"https:\/\/www.hirtenberg-apotheke.at\/katalog\/wp-json\/wp\/v2\/product\/72171","targetHints":{"allow":["GET"]}}],"collection":[{"href":"https:\/\/www.hirtenberg-apotheke.at\/katalog\/wp-json\/wp\/v2\/product"}],"about":[{"href":"https:\/\/www.hirtenberg-apotheke.at\/katalog\/wp-json\/wp\/v2\/types\/product"}],"wp:attachment":[{"href":"https:\/\/www.hirtenberg-apotheke.at\/katalog\/wp-json\/wp\/v2\/media?parent=72171"}],"wp:term":[{"taxonomy":"product_brand","embeddable":true,"href":"https:\/\/www.hirtenberg-apotheke.at\/katalog\/wp-json\/wp\/v2\/product_brand?post=72171"},{"taxonomy":"product_cat","embeddable":true,"href":"https:\/\/www.hirtenberg-apotheke.at\/katalog\/wp-json\/wp\/v2\/product_cat?post=72171"},{"taxonomy":"product_tag","embeddable":true,"href":"https:\/\/www.hirtenberg-apotheke.at\/katalog\/wp-json\/wp\/v2\/product_tag?post=72171"}],"curies":[{"name":"wp","href":"https:\/\/api.w.org\/{rel}","templated":true}]}}