{"id":72184,"date":"2025-11-27T07:38:19","date_gmt":"2025-11-27T06:38:19","guid":{"rendered":"https:\/\/www.hirtenberg-apotheke.at\/katalog\/produkt\/la-roche-posay-toleriane-sensitive-le-teint-creme-mittel-50-ml\/"},"modified":"2025-11-27T07:38:48","modified_gmt":"2025-11-27T06:38:48","slug":"la-roche-posay-toleriane-sensitive-le-teint-creme-mittel-50-ml","status":"publish","type":"product","link":"https:\/\/www.hirtenberg-apotheke.at\/katalog\/produkt\/la-roche-posay-toleriane-sensitive-le-teint-creme-mittel-50-ml\/","title":{"rendered":"La Roche-Posay Toleriane Sensitive Le Teint Creme Mittel 50 ml"},"content":{"rendered":"<p>La Roche-Posay Toleriane Sensitive Le Teint Creme ist eine kaschierende Feuchtigkeitspflege f\u00fcr empfindliche Haut. Sie kombiniert die feuchtigkeitsspendende, beruhigende Wirkung von TOLERIANE SENSITIVE CREME mit einer hohen Deckkraft, die R\u00f6tungen sofort kaschiert. Die get\u00f6nte Tagescreme ist angereichert mit prebiotischem Thermalwasser, spendet Feuchtigkeit und sch\u00fctzt empfindliche Haut. Zu Unreinheiten sowie Unebenheiten neigende Haut wird zuverl\u00e4ssig abgedeckt. Gleichzeitig beruhigt die Feuchtigkeitspflege empfindliche Stellen und mildert R\u00f6tungen. Getestet unter dermatologischer und augen\u00e4rztlicher Aufsicht.<\/p>\n","protected":false},"excerpt":{"rendered":"<p>La Roche-Posay Toleriane Sensitive Le Teint Creme ist eine kaschierende Feuchtigkeitspflege f\u00fcr empfindliche Haut. Sie kombiniert die feuchtigkeitsspendende, beruhigende Wirkung von TOLERIANE SENSITIVE CREME mit einer hohen Deckkraft, die R\u00f6tungen sofort kaschiert. Die get\u00f6nte Tagescreme ist angereichert mit prebiotischem Thermalwasser, spendet Feuchtigkeit und sch\u00fctzt empfindliche Haut. Zu Unreinheiten sowie Unebenheiten neigende Haut wird zuverl\u00e4ssig abgedeckt. [&hellip;]<\/p>\n","protected":false},"featured_media":72186,"template":"","meta":{"_acf_changed":false},"product_brand":[692],"product_cat":[317],"product_tag":[],"class_list":{"0":"post-72184","1":"product","2":"type-product","3":"status-publish","4":"has-post-thumbnail","6":"product_brand-la-roche-posay","7":"product_cat-l","8":"pa_packungsgroesse-50ml","10":"first","11":"instock","12":"shipping-taxable","13":"purchasable","14":"product-type-simple"},"acf":[],"_links":{"self":[{"href":"https:\/\/www.hirtenberg-apotheke.at\/katalog\/wp-json\/wp\/v2\/product\/72184","targetHints":{"allow":["GET"]}}],"collection":[{"href":"https:\/\/www.hirtenberg-apotheke.at\/katalog\/wp-json\/wp\/v2\/product"}],"about":[{"href":"https:\/\/www.hirtenberg-apotheke.at\/katalog\/wp-json\/wp\/v2\/types\/product"}],"wp:featuredmedia":[{"embeddable":true,"href":"https:\/\/www.hirtenberg-apotheke.at\/katalog\/wp-json\/wp\/v2\/media\/72186"}],"wp:attachment":[{"href":"https:\/\/www.hirtenberg-apotheke.at\/katalog\/wp-json\/wp\/v2\/media?parent=72184"}],"wp:term":[{"taxonomy":"product_brand","embeddable":true,"href":"https:\/\/www.hirtenberg-apotheke.at\/katalog\/wp-json\/wp\/v2\/product_brand?post=72184"},{"taxonomy":"product_cat","embeddable":true,"href":"https:\/\/www.hirtenberg-apotheke.at\/katalog\/wp-json\/wp\/v2\/product_cat?post=72184"},{"taxonomy":"product_tag","embeddable":true,"href":"https:\/\/www.hirtenberg-apotheke.at\/katalog\/wp-json\/wp\/v2\/product_tag?post=72184"}],"curies":[{"name":"wp","href":"https:\/\/api.w.org\/{rel}","templated":true}]}}