{"id":72206,"date":"2025-11-27T07:39:12","date_gmt":"2025-11-27T06:39:12","guid":{"rendered":"https:\/\/www.hirtenberg-apotheke.at\/katalog\/produkt\/la-roche-posay-effaclar-mikro-peeling-reinigungsgel-400-ml\/"},"modified":"2025-11-27T07:39:16","modified_gmt":"2025-11-27T06:39:16","slug":"la-roche-posay-effaclar-mikro-peeling-reinigungsgel-400-ml","status":"publish","type":"product","link":"https:\/\/www.hirtenberg-apotheke.at\/katalog\/produkt\/la-roche-posay-effaclar-mikro-peeling-reinigungsgel-400-ml\/","title":{"rendered":"La Roche-Posay Effaclar Mikro-Peeling Reinigungsgel 400 ml"},"content":{"rendered":"<p>Dank der Formel mit LHA und Salicyls\u00e4ure, die die Hautoberfl\u00e4che gl\u00e4ttet, reinigt das Effaclar Mikro-Peeling Reinigungsgel intensiv und porentief zu Unreinheiten neigende Haut. Es kl\u00e4rt die Poren tiefenwirksam und reguliert die Talgproduktion \u2013 f\u00fcr ein sichtbar reineres Hautbild.<\/p>\n","protected":false},"excerpt":{"rendered":"<p>Dank der Formel mit LHA und Salicyls\u00e4ure, die die Hautoberfl\u00e4che gl\u00e4ttet, reinigt das Effaclar Mikro-Peeling Reinigungsgel intensiv und porentief zu Unreinheiten neigende Haut. Es kl\u00e4rt die Poren tiefenwirksam und reguliert die Talgproduktion \u2013 f\u00fcr ein sichtbar reineres Hautbild.<\/p>\n","protected":false},"featured_media":0,"template":"","meta":{"_acf_changed":false},"product_brand":[692],"product_cat":[317],"product_tag":[],"class_list":{"0":"post-72206","1":"product","2":"type-product","3":"status-publish","5":"product_brand-la-roche-posay","6":"product_cat-l","7":"pa_packungsgroesse-400ml","9":"first","10":"instock","11":"shipping-taxable","12":"purchasable","13":"product-type-simple"},"acf":[],"_links":{"self":[{"href":"https:\/\/www.hirtenberg-apotheke.at\/katalog\/wp-json\/wp\/v2\/product\/72206","targetHints":{"allow":["GET"]}}],"collection":[{"href":"https:\/\/www.hirtenberg-apotheke.at\/katalog\/wp-json\/wp\/v2\/product"}],"about":[{"href":"https:\/\/www.hirtenberg-apotheke.at\/katalog\/wp-json\/wp\/v2\/types\/product"}],"wp:attachment":[{"href":"https:\/\/www.hirtenberg-apotheke.at\/katalog\/wp-json\/wp\/v2\/media?parent=72206"}],"wp:term":[{"taxonomy":"product_brand","embeddable":true,"href":"https:\/\/www.hirtenberg-apotheke.at\/katalog\/wp-json\/wp\/v2\/product_brand?post=72206"},{"taxonomy":"product_cat","embeddable":true,"href":"https:\/\/www.hirtenberg-apotheke.at\/katalog\/wp-json\/wp\/v2\/product_cat?post=72206"},{"taxonomy":"product_tag","embeddable":true,"href":"https:\/\/www.hirtenberg-apotheke.at\/katalog\/wp-json\/wp\/v2\/product_tag?post=72206"}],"curies":[{"name":"wp","href":"https:\/\/api.w.org\/{rel}","templated":true}]}}