{"id":72208,"date":"2025-11-27T07:39:12","date_gmt":"2025-11-27T06:39:12","guid":{"rendered":"https:\/\/www.hirtenberg-apotheke.at\/katalog\/produkt\/sonnentor-schwarzkuemmel-oel-50-g\/"},"modified":"2025-11-27T07:39:21","modified_gmt":"2025-11-27T06:39:21","slug":"sonnentor-schwarzkuemmel-oel-50-g","status":"publish","type":"product","link":"https:\/\/www.hirtenberg-apotheke.at\/katalog\/produkt\/sonnentor-schwarzkuemmel-oel-50-g\/","title":{"rendered":"Sonnentor Schwarzk\u00fcmmel-\u00d6l 50 g"},"content":{"rendered":"<p>Sonnentor Schwarzk\u00fcmmel-\u00d6l 50 g ist als wertvolle Erg\u00e4nzung der t\u00e4glichen Nahrung \u00e4u\u00dferst empfehlenswert. Es ist ausgezeichnet vertr\u00e4glich und hat einen angenehmen Geschmack, sodass es auch von Kindern optimal vertragen wird.<\/p>\n","protected":false},"excerpt":{"rendered":"<p>Sonnentor Schwarzk\u00fcmmel-\u00d6l 50 g ist als wertvolle Erg\u00e4nzung der t\u00e4glichen Nahrung \u00e4u\u00dferst empfehlenswert. Es ist ausgezeichnet vertr\u00e4glich und hat einen angenehmen Geschmack, sodass es auch von Kindern optimal vertragen wird.<\/p>\n","protected":false},"featured_media":72210,"template":"","meta":{"_acf_changed":false},"product_brand":[917],"product_cat":[303],"product_tag":[],"class_list":{"0":"post-72208","1":"product","2":"type-product","3":"status-publish","4":"has-post-thumbnail","6":"product_brand-sonnentor","7":"product_cat-s","8":"pa_packungsgroesse-50ml","10":"first","11":"instock","12":"shipping-taxable","13":"purchasable","14":"product-type-simple"},"acf":[],"_links":{"self":[{"href":"https:\/\/www.hirtenberg-apotheke.at\/katalog\/wp-json\/wp\/v2\/product\/72208","targetHints":{"allow":["GET"]}}],"collection":[{"href":"https:\/\/www.hirtenberg-apotheke.at\/katalog\/wp-json\/wp\/v2\/product"}],"about":[{"href":"https:\/\/www.hirtenberg-apotheke.at\/katalog\/wp-json\/wp\/v2\/types\/product"}],"wp:featuredmedia":[{"embeddable":true,"href":"https:\/\/www.hirtenberg-apotheke.at\/katalog\/wp-json\/wp\/v2\/media\/72210"}],"wp:attachment":[{"href":"https:\/\/www.hirtenberg-apotheke.at\/katalog\/wp-json\/wp\/v2\/media?parent=72208"}],"wp:term":[{"taxonomy":"product_brand","embeddable":true,"href":"https:\/\/www.hirtenberg-apotheke.at\/katalog\/wp-json\/wp\/v2\/product_brand?post=72208"},{"taxonomy":"product_cat","embeddable":true,"href":"https:\/\/www.hirtenberg-apotheke.at\/katalog\/wp-json\/wp\/v2\/product_cat?post=72208"},{"taxonomy":"product_tag","embeddable":true,"href":"https:\/\/www.hirtenberg-apotheke.at\/katalog\/wp-json\/wp\/v2\/product_tag?post=72208"}],"curies":[{"name":"wp","href":"https:\/\/api.w.org\/{rel}","templated":true}]}}