{"id":72399,"date":"2025-11-27T07:42:53","date_gmt":"2025-11-27T06:42:53","guid":{"rendered":"https:\/\/www.hirtenberg-apotheke.at\/katalog\/produkt\/vichy-capital-soleil-hyaluron-spray-lsf-50\/"},"modified":"2025-11-27T07:43:19","modified_gmt":"2025-11-27T06:43:19","slug":"vichy-capital-soleil-hyaluron-spray-lsf-50","status":"publish","type":"product","link":"https:\/\/www.hirtenberg-apotheke.at\/katalog\/produkt\/vichy-capital-soleil-hyaluron-spray-lsf-50\/","title":{"rendered":"VICHY Capital Soleil Hyaluron Spray LSF 50"},"content":{"rendered":"<p>Das Capital Soleil Hyaluron Spray mit LSF50 hat eine ultra-leichte Textur mit maximal erfrischender Wirkung. Die Innovation enth\u00e4lt nat\u00fcrliches Hyaluron und bewirkt eine intensive Feuchtigkeitsversorgung der Haut. Das Spray kann sowohl auf dem K\u00f6rper als auch im Gesicht angewendet werden und eignet sich auch f\u00fcr empfindliche Haut &#8211; dieses und weitere Produkte von VICHY dauerhaft preisgesenkt bestellen!<\/p>\n","protected":false},"excerpt":{"rendered":"<p>Das Capital Soleil Hyaluron Spray mit LSF50 hat eine ultra-leichte Textur mit maximal erfrischender Wirkung. Die Innovation enth\u00e4lt nat\u00fcrliches Hyaluron und bewirkt eine intensive Feuchtigkeitsversorgung der Haut. Das Spray kann sowohl auf dem K\u00f6rper als auch im Gesicht angewendet werden und eignet sich auch f\u00fcr empfindliche Haut &#8211; dieses und weitere Produkte von VICHY dauerhaft [&hellip;]<\/p>\n","protected":false},"featured_media":72401,"template":"","meta":{"_acf_changed":false},"product_brand":[691],"product_cat":[300],"product_tag":[],"class_list":{"0":"post-72399","1":"product","2":"type-product","3":"status-publish","4":"has-post-thumbnail","6":"product_brand-vichy","7":"product_cat-v","8":"pa_packungsgroesse-200ml","10":"first","11":"instock","12":"shipping-taxable","13":"purchasable","14":"product-type-simple"},"acf":[],"_links":{"self":[{"href":"https:\/\/www.hirtenberg-apotheke.at\/katalog\/wp-json\/wp\/v2\/product\/72399","targetHints":{"allow":["GET"]}}],"collection":[{"href":"https:\/\/www.hirtenberg-apotheke.at\/katalog\/wp-json\/wp\/v2\/product"}],"about":[{"href":"https:\/\/www.hirtenberg-apotheke.at\/katalog\/wp-json\/wp\/v2\/types\/product"}],"wp:featuredmedia":[{"embeddable":true,"href":"https:\/\/www.hirtenberg-apotheke.at\/katalog\/wp-json\/wp\/v2\/media\/72401"}],"wp:attachment":[{"href":"https:\/\/www.hirtenberg-apotheke.at\/katalog\/wp-json\/wp\/v2\/media?parent=72399"}],"wp:term":[{"taxonomy":"product_brand","embeddable":true,"href":"https:\/\/www.hirtenberg-apotheke.at\/katalog\/wp-json\/wp\/v2\/product_brand?post=72399"},{"taxonomy":"product_cat","embeddable":true,"href":"https:\/\/www.hirtenberg-apotheke.at\/katalog\/wp-json\/wp\/v2\/product_cat?post=72399"},{"taxonomy":"product_tag","embeddable":true,"href":"https:\/\/www.hirtenberg-apotheke.at\/katalog\/wp-json\/wp\/v2\/product_tag?post=72399"}],"curies":[{"name":"wp","href":"https:\/\/api.w.org\/{rel}","templated":true}]}}