{"id":72444,"date":"2025-11-27T07:44:02","date_gmt":"2025-11-27T06:44:02","guid":{"rendered":"https:\/\/www.hirtenberg-apotheke.at\/katalog\/produkt\/sonnentor-ingwer-kurkuma-bio-tee\/"},"modified":"2025-11-27T07:44:18","modified_gmt":"2025-11-27T06:44:18","slug":"sonnentor-ingwer-kurkuma-bio-tee","status":"publish","type":"product","link":"https:\/\/www.hirtenberg-apotheke.at\/katalog\/produkt\/sonnentor-ingwer-kurkuma-bio-tee\/","title":{"rendered":"Sonnentor Ingwer Kurkuma Bio Tee"},"content":{"rendered":"<p>Wenn sich Ingwer und Kurkuma gemeinsam abstrampeln, kommst du ins Schwitzen. Denn mit dieser temperamentvollen Teemischung heizen dir gleich zwei w\u00fcrzige Tausendsassa ein \u2013 doppelt h\u00e4lt schlie\u00dflich w\u00e4rmer. Ebenfalls mit von der Partie: Galgant. Die Knolle z\u00e4hlt ebenso zu den Ingwergew\u00e4chsen. Guter Geschmack liegt ja bekanntlich in der Familie. Passt wunderbar zu exotischen Suppen und Curries.<\/p>\n","protected":false},"excerpt":{"rendered":"<p>Wenn sich Ingwer und Kurkuma gemeinsam abstrampeln, kommst du ins Schwitzen. Denn mit dieser temperamentvollen Teemischung heizen dir gleich zwei w\u00fcrzige Tausendsassa ein \u2013 doppelt h\u00e4lt schlie\u00dflich w\u00e4rmer. Ebenfalls mit von der Partie: Galgant. Die Knolle z\u00e4hlt ebenso zu den Ingwergew\u00e4chsen. Guter Geschmack liegt ja bekanntlich in der Familie. Passt wunderbar zu exotischen Suppen und [&hellip;]<\/p>\n","protected":false},"featured_media":72446,"template":"","meta":{"_acf_changed":false},"product_brand":[917],"product_cat":[303],"product_tag":[],"class_list":{"0":"post-72444","1":"product","2":"type-product","3":"status-publish","4":"has-post-thumbnail","6":"product_brand-sonnentor","7":"product_cat-s","8":"pa_packungsgroesse-18-beutel","10":"first","11":"instock","12":"shipping-taxable","13":"purchasable","14":"product-type-simple"},"acf":[],"_links":{"self":[{"href":"https:\/\/www.hirtenberg-apotheke.at\/katalog\/wp-json\/wp\/v2\/product\/72444","targetHints":{"allow":["GET"]}}],"collection":[{"href":"https:\/\/www.hirtenberg-apotheke.at\/katalog\/wp-json\/wp\/v2\/product"}],"about":[{"href":"https:\/\/www.hirtenberg-apotheke.at\/katalog\/wp-json\/wp\/v2\/types\/product"}],"wp:featuredmedia":[{"embeddable":true,"href":"https:\/\/www.hirtenberg-apotheke.at\/katalog\/wp-json\/wp\/v2\/media\/72446"}],"wp:attachment":[{"href":"https:\/\/www.hirtenberg-apotheke.at\/katalog\/wp-json\/wp\/v2\/media?parent=72444"}],"wp:term":[{"taxonomy":"product_brand","embeddable":true,"href":"https:\/\/www.hirtenberg-apotheke.at\/katalog\/wp-json\/wp\/v2\/product_brand?post=72444"},{"taxonomy":"product_cat","embeddable":true,"href":"https:\/\/www.hirtenberg-apotheke.at\/katalog\/wp-json\/wp\/v2\/product_cat?post=72444"},{"taxonomy":"product_tag","embeddable":true,"href":"https:\/\/www.hirtenberg-apotheke.at\/katalog\/wp-json\/wp\/v2\/product_tag?post=72444"}],"curies":[{"name":"wp","href":"https:\/\/api.w.org\/{rel}","templated":true}]}}