{"id":72450,"date":"2025-11-27T07:44:02","date_gmt":"2025-11-27T06:44:02","guid":{"rendered":"https:\/\/www.hirtenberg-apotheke.at\/katalog\/produkt\/sonnentor-ingwer-ruhe-bio-tee\/"},"modified":"2025-11-27T07:44:28","modified_gmt":"2025-11-27T06:44:28","slug":"sonnentor-ingwer-ruhe-bio-tee","status":"publish","type":"product","link":"https:\/\/www.hirtenberg-apotheke.at\/katalog\/produkt\/sonnentor-ingwer-ruhe-bio-tee\/","title":{"rendered":"Sonnentor Ingwer Ruhe Bio Tee"},"content":{"rendered":"<p>Nach einem langen Tag, hast du es mehr als verdient, dich auf deine vier Buchstaben zu setzen. Also lass diese blumig-w\u00fcrzige Teemischung ziehen und dich fallen! Die Sch\u00e4rfe des Ingwers h\u00fcllt dich in eine wohlig warme Decke und dank Lavendel, Kamille und Hanfbl\u00e4ttern kommst du zur Ruhe. Der perfekte Schlummertrunk f\u00fcr alle, die es gerne sch\u00e4rfer m\u00f6gen!<\/p>\n","protected":false},"excerpt":{"rendered":"<p>Nach einem langen Tag, hast du es mehr als verdient, dich auf deine vier Buchstaben zu setzen. Also lass diese blumig-w\u00fcrzige Teemischung ziehen und dich fallen! Die Sch\u00e4rfe des Ingwers h\u00fcllt dich in eine wohlig warme Decke und dank Lavendel, Kamille und Hanfbl\u00e4ttern kommst du zur Ruhe. Der perfekte Schlummertrunk f\u00fcr alle, die es gerne [&hellip;]<\/p>\n","protected":false},"featured_media":72452,"template":"","meta":{"_acf_changed":false},"product_brand":[917],"product_cat":[303],"product_tag":[],"class_list":{"0":"post-72450","1":"product","2":"type-product","3":"status-publish","4":"has-post-thumbnail","6":"product_brand-sonnentor","7":"product_cat-s","8":"pa_packungsgroesse-18-beutel","10":"first","11":"instock","12":"shipping-taxable","13":"purchasable","14":"product-type-simple"},"acf":[],"_links":{"self":[{"href":"https:\/\/www.hirtenberg-apotheke.at\/katalog\/wp-json\/wp\/v2\/product\/72450","targetHints":{"allow":["GET"]}}],"collection":[{"href":"https:\/\/www.hirtenberg-apotheke.at\/katalog\/wp-json\/wp\/v2\/product"}],"about":[{"href":"https:\/\/www.hirtenberg-apotheke.at\/katalog\/wp-json\/wp\/v2\/types\/product"}],"wp:featuredmedia":[{"embeddable":true,"href":"https:\/\/www.hirtenberg-apotheke.at\/katalog\/wp-json\/wp\/v2\/media\/72452"}],"wp:attachment":[{"href":"https:\/\/www.hirtenberg-apotheke.at\/katalog\/wp-json\/wp\/v2\/media?parent=72450"}],"wp:term":[{"taxonomy":"product_brand","embeddable":true,"href":"https:\/\/www.hirtenberg-apotheke.at\/katalog\/wp-json\/wp\/v2\/product_brand?post=72450"},{"taxonomy":"product_cat","embeddable":true,"href":"https:\/\/www.hirtenberg-apotheke.at\/katalog\/wp-json\/wp\/v2\/product_cat?post=72450"},{"taxonomy":"product_tag","embeddable":true,"href":"https:\/\/www.hirtenberg-apotheke.at\/katalog\/wp-json\/wp\/v2\/product_tag?post=72450"}],"curies":[{"name":"wp","href":"https:\/\/api.w.org\/{rel}","templated":true}]}}