{"id":72456,"date":"2025-11-27T07:44:28","date_gmt":"2025-11-27T06:44:28","guid":{"rendered":"https:\/\/www.hirtenberg-apotheke.at\/katalog\/produkt\/sonnentor-im-wechsel-kraeutertee-bio-18-btl\/"},"modified":"2025-11-27T07:44:38","modified_gmt":"2025-11-27T06:44:38","slug":"sonnentor-im-wechsel-kraeutertee-bio-18-btl","status":"publish","type":"product","link":"https:\/\/www.hirtenberg-apotheke.at\/katalog\/produkt\/sonnentor-im-wechsel-kraeutertee-bio-18-btl\/","title":{"rendered":"Sonnentor Im Wechsel Kr\u00e4utertee bio 18 Btl."},"content":{"rendered":"<p>Gute Zeiten, Wechsel Zeiten geh\u00f6ren zum \u00c4lterwerden dazu. Das muss frau aber nicht einfach so hinnehmen. Frauenkr\u00e4uter wie Brombeerbl\u00e4tter, Frauenmantel und Steinklee unterst\u00fctzen dich in der Hitze des Gefechts. Vereint in einer ausgleichenden Teemischung bringen sie dich gut durch den ganzen Tag. \u00dcberlass das Wechselbad der Gef\u00fchle deiner Lieblings-Seifenoper.<\/p>\n","protected":false},"excerpt":{"rendered":"<p>Gute Zeiten, Wechsel Zeiten geh\u00f6ren zum \u00c4lterwerden dazu. Das muss frau aber nicht einfach so hinnehmen. Frauenkr\u00e4uter wie Brombeerbl\u00e4tter, Frauenmantel und Steinklee unterst\u00fctzen dich in der Hitze des Gefechts. Vereint in einer ausgleichenden Teemischung bringen sie dich gut durch den ganzen Tag. \u00dcberlass das Wechselbad der Gef\u00fchle deiner Lieblings-Seifenoper.<\/p>\n","protected":false},"featured_media":72458,"template":"","meta":{"_acf_changed":false},"product_brand":[917],"product_cat":[303],"product_tag":[],"class_list":{"0":"post-72456","1":"product","2":"type-product","3":"status-publish","4":"has-post-thumbnail","6":"product_brand-sonnentor","7":"product_cat-s","8":"pa_packungsgroesse-18-beutel","10":"first","11":"instock","12":"shipping-taxable","13":"purchasable","14":"product-type-simple"},"acf":[],"_links":{"self":[{"href":"https:\/\/www.hirtenberg-apotheke.at\/katalog\/wp-json\/wp\/v2\/product\/72456","targetHints":{"allow":["GET"]}}],"collection":[{"href":"https:\/\/www.hirtenberg-apotheke.at\/katalog\/wp-json\/wp\/v2\/product"}],"about":[{"href":"https:\/\/www.hirtenberg-apotheke.at\/katalog\/wp-json\/wp\/v2\/types\/product"}],"wp:featuredmedia":[{"embeddable":true,"href":"https:\/\/www.hirtenberg-apotheke.at\/katalog\/wp-json\/wp\/v2\/media\/72458"}],"wp:attachment":[{"href":"https:\/\/www.hirtenberg-apotheke.at\/katalog\/wp-json\/wp\/v2\/media?parent=72456"}],"wp:term":[{"taxonomy":"product_brand","embeddable":true,"href":"https:\/\/www.hirtenberg-apotheke.at\/katalog\/wp-json\/wp\/v2\/product_brand?post=72456"},{"taxonomy":"product_cat","embeddable":true,"href":"https:\/\/www.hirtenberg-apotheke.at\/katalog\/wp-json\/wp\/v2\/product_cat?post=72456"},{"taxonomy":"product_tag","embeddable":true,"href":"https:\/\/www.hirtenberg-apotheke.at\/katalog\/wp-json\/wp\/v2\/product_tag?post=72456"}],"curies":[{"name":"wp","href":"https:\/\/api.w.org\/{rel}","templated":true}]}}