{"id":72462,"date":"2025-11-27T07:44:28","date_gmt":"2025-11-27T06:44:28","guid":{"rendered":"https:\/\/www.hirtenberg-apotheke.at\/katalog\/produkt\/sonnentor-ingwer-energie-bio-tee\/"},"modified":"2025-11-27T07:44:48","modified_gmt":"2025-11-27T06:44:48","slug":"sonnentor-ingwer-energie-bio-tee","status":"publish","type":"product","link":"https:\/\/www.hirtenberg-apotheke.at\/katalog\/produkt\/sonnentor-ingwer-energie-bio-tee\/","title":{"rendered":"Sonnentor Ingwer Energie Bio Tee"},"content":{"rendered":"<p>Bei dieser Teemischung ist der Name Programm. Das w\u00fcrzige Energieb\u00fcndel ist das perfekte Warm-up f\u00fcr kalte Tage. Mit vereinten Kr\u00e4ften bringen dich Ingwer und Gew\u00fcrze wie Zimt, Fenchel, Koriander und Muskat in Schwung. Als Cool Down erwartet dich ein scharfer Abgang \u2013 perfekt als Digestif nach einem \u00fcppigen Essen.<\/p>\n","protected":false},"excerpt":{"rendered":"<p>Bei dieser Teemischung ist der Name Programm. Das w\u00fcrzige Energieb\u00fcndel ist das perfekte Warm-up f\u00fcr kalte Tage. Mit vereinten Kr\u00e4ften bringen dich Ingwer und Gew\u00fcrze wie Zimt, Fenchel, Koriander und Muskat in Schwung. Als Cool Down erwartet dich ein scharfer Abgang \u2013 perfekt als Digestif nach einem \u00fcppigen Essen.<\/p>\n","protected":false},"featured_media":72464,"template":"","meta":{"_acf_changed":false},"product_brand":[917],"product_cat":[303],"product_tag":[],"class_list":{"0":"post-72462","1":"product","2":"type-product","3":"status-publish","4":"has-post-thumbnail","6":"product_brand-sonnentor","7":"product_cat-s","8":"pa_packungsgroesse-18-beutel","10":"first","11":"instock","12":"shipping-taxable","13":"purchasable","14":"product-type-simple"},"acf":[],"_links":{"self":[{"href":"https:\/\/www.hirtenberg-apotheke.at\/katalog\/wp-json\/wp\/v2\/product\/72462","targetHints":{"allow":["GET"]}}],"collection":[{"href":"https:\/\/www.hirtenberg-apotheke.at\/katalog\/wp-json\/wp\/v2\/product"}],"about":[{"href":"https:\/\/www.hirtenberg-apotheke.at\/katalog\/wp-json\/wp\/v2\/types\/product"}],"wp:featuredmedia":[{"embeddable":true,"href":"https:\/\/www.hirtenberg-apotheke.at\/katalog\/wp-json\/wp\/v2\/media\/72464"}],"wp:attachment":[{"href":"https:\/\/www.hirtenberg-apotheke.at\/katalog\/wp-json\/wp\/v2\/media?parent=72462"}],"wp:term":[{"taxonomy":"product_brand","embeddable":true,"href":"https:\/\/www.hirtenberg-apotheke.at\/katalog\/wp-json\/wp\/v2\/product_brand?post=72462"},{"taxonomy":"product_cat","embeddable":true,"href":"https:\/\/www.hirtenberg-apotheke.at\/katalog\/wp-json\/wp\/v2\/product_cat?post=72462"},{"taxonomy":"product_tag","embeddable":true,"href":"https:\/\/www.hirtenberg-apotheke.at\/katalog\/wp-json\/wp\/v2\/product_tag?post=72462"}],"curies":[{"name":"wp","href":"https:\/\/api.w.org\/{rel}","templated":true}]}}