{"id":72479,"date":"2025-11-27T07:44:28","date_gmt":"2025-11-27T06:44:28","guid":{"rendered":"https:\/\/www.hirtenberg-apotheke.at\/katalog\/produkt\/sonnentor-basen-fastenzeit-tee-18-stk-bio\/"},"modified":"2025-11-27T07:45:24","modified_gmt":"2025-11-27T06:45:24","slug":"sonnentor-basen-fastenzeit-tee-18-stk-bio","status":"publish","type":"product","link":"https:\/\/www.hirtenberg-apotheke.at\/katalog\/produkt\/sonnentor-basen-fastenzeit-tee-18-stk-bio\/","title":{"rendered":"Sonnentor Basen Fastenzeit Tee 18 Stk.  BIO"},"content":{"rendered":"<p>Sonnentor Basen Fastenzeit Tee ist eine tonisierende Bio-Kr\u00e4uterteemischung zur Unterst\u00fctzung des K\u00f6rpers w\u00e4hrend einer Fastenkur. Die blumige Note dieses Kr\u00e4utertees ist der ideale Begleiter f\u00fcr Ihre kleine Auszeit.<\/p>\n","protected":false},"excerpt":{"rendered":"<p>Sonnentor Basen Fastenzeit Tee ist eine tonisierende Bio-Kr\u00e4uterteemischung zur Unterst\u00fctzung des K\u00f6rpers w\u00e4hrend einer Fastenkur. Die blumige Note dieses Kr\u00e4utertees ist der ideale Begleiter f\u00fcr Ihre kleine Auszeit.<\/p>\n","protected":false},"featured_media":72481,"template":"","meta":{"_acf_changed":false},"product_brand":[917],"product_cat":[303],"product_tag":[],"class_list":{"0":"post-72479","1":"product","2":"type-product","3":"status-publish","4":"has-post-thumbnail","6":"product_brand-sonnentor","7":"product_cat-s","8":"pa_packungsgroesse-18-beutel","10":"first","11":"instock","12":"shipping-taxable","13":"purchasable","14":"product-type-simple"},"acf":[],"_links":{"self":[{"href":"https:\/\/www.hirtenberg-apotheke.at\/katalog\/wp-json\/wp\/v2\/product\/72479","targetHints":{"allow":["GET"]}}],"collection":[{"href":"https:\/\/www.hirtenberg-apotheke.at\/katalog\/wp-json\/wp\/v2\/product"}],"about":[{"href":"https:\/\/www.hirtenberg-apotheke.at\/katalog\/wp-json\/wp\/v2\/types\/product"}],"wp:featuredmedia":[{"embeddable":true,"href":"https:\/\/www.hirtenberg-apotheke.at\/katalog\/wp-json\/wp\/v2\/media\/72481"}],"wp:attachment":[{"href":"https:\/\/www.hirtenberg-apotheke.at\/katalog\/wp-json\/wp\/v2\/media?parent=72479"}],"wp:term":[{"taxonomy":"product_brand","embeddable":true,"href":"https:\/\/www.hirtenberg-apotheke.at\/katalog\/wp-json\/wp\/v2\/product_brand?post=72479"},{"taxonomy":"product_cat","embeddable":true,"href":"https:\/\/www.hirtenberg-apotheke.at\/katalog\/wp-json\/wp\/v2\/product_cat?post=72479"},{"taxonomy":"product_tag","embeddable":true,"href":"https:\/\/www.hirtenberg-apotheke.at\/katalog\/wp-json\/wp\/v2\/product_tag?post=72479"}],"curies":[{"name":"wp","href":"https:\/\/api.w.org\/{rel}","templated":true}]}}