{"id":72614,"date":"2025-11-27T07:49:02","date_gmt":"2025-11-27T06:49:02","guid":{"rendered":"https:\/\/www.hirtenberg-apotheke.at\/katalog\/produkt\/curaprox-buerstenhalter-uhs-409-3-stk\/"},"modified":"2025-11-27T07:49:22","modified_gmt":"2025-11-27T06:49:22","slug":"curaprox-buerstenhalter-uhs-409-3-stk","status":"publish","type":"product","link":"https:\/\/www.hirtenberg-apotheke.at\/katalog\/produkt\/curaprox-buerstenhalter-uhs-409-3-stk\/","title":{"rendered":"Curaprox B\u00fcrstenhalter UHS 409 3 Stk."},"content":{"rendered":"<p>Curaprox B\u00fcrstenhalter UHS 409 ist passend f\u00fcr jede Interdentalb\u00fcrste von Curaprox, und so ist ein Einfaches, den ganz pers\u00f6nlichen Lieblingshalter zu finden: abgewinkelt oder gerade, mit Click. Gerade bei Seitenz\u00e4hnen sorgen die abgewinkelten Halter f\u00fcr eine besonders einfache Anwendung.<\/p>\n","protected":false},"excerpt":{"rendered":"<p>Curaprox B\u00fcrstenhalter UHS 409 ist passend f\u00fcr jede Interdentalb\u00fcrste von Curaprox, und so ist ein Einfaches, den ganz pers\u00f6nlichen Lieblingshalter zu finden: abgewinkelt oder gerade, mit Click. Gerade bei Seitenz\u00e4hnen sorgen die abgewinkelten Halter f\u00fcr eine besonders einfache Anwendung.<\/p>\n","protected":false},"featured_media":72616,"template":"","meta":{"_acf_changed":false},"product_brand":[877],"product_cat":[337],"product_tag":[],"class_list":{"0":"post-72614","1":"product","2":"type-product","3":"status-publish","4":"has-post-thumbnail","6":"product_brand-curaprox","7":"product_cat-c","8":"pa_packungsgroesse-3-stueck","10":"first","11":"instock","12":"shipping-taxable","13":"purchasable","14":"product-type-simple"},"acf":[],"_links":{"self":[{"href":"https:\/\/www.hirtenberg-apotheke.at\/katalog\/wp-json\/wp\/v2\/product\/72614","targetHints":{"allow":["GET"]}}],"collection":[{"href":"https:\/\/www.hirtenberg-apotheke.at\/katalog\/wp-json\/wp\/v2\/product"}],"about":[{"href":"https:\/\/www.hirtenberg-apotheke.at\/katalog\/wp-json\/wp\/v2\/types\/product"}],"wp:featuredmedia":[{"embeddable":true,"href":"https:\/\/www.hirtenberg-apotheke.at\/katalog\/wp-json\/wp\/v2\/media\/72616"}],"wp:attachment":[{"href":"https:\/\/www.hirtenberg-apotheke.at\/katalog\/wp-json\/wp\/v2\/media?parent=72614"}],"wp:term":[{"taxonomy":"product_brand","embeddable":true,"href":"https:\/\/www.hirtenberg-apotheke.at\/katalog\/wp-json\/wp\/v2\/product_brand?post=72614"},{"taxonomy":"product_cat","embeddable":true,"href":"https:\/\/www.hirtenberg-apotheke.at\/katalog\/wp-json\/wp\/v2\/product_cat?post=72614"},{"taxonomy":"product_tag","embeddable":true,"href":"https:\/\/www.hirtenberg-apotheke.at\/katalog\/wp-json\/wp\/v2\/product_tag?post=72614"}],"curies":[{"name":"wp","href":"https:\/\/api.w.org\/{rel}","templated":true}]}}