{"id":72721,"date":"2025-11-27T08:49:50","date_gmt":"2025-11-27T07:49:50","guid":{"rendered":"https:\/\/www.hirtenberg-apotheke.at\/katalog\/produkt\/pascoflorin-immun-kapseln-60-stk\/"},"modified":"2025-11-27T08:49:58","modified_gmt":"2025-11-27T07:49:58","slug":"pascoflorin-immun-kapseln-60-stk","status":"publish","type":"product","link":"https:\/\/www.hirtenberg-apotheke.at\/katalog\/produkt\/pascoflorin-immun-kapseln-60-stk\/","title":{"rendered":"Pascoflorin Immun Kapseln 60 Stk."},"content":{"rendered":"<p>Pascoflorin Immun Kapseln unters\u00fctzen den Darm, welcher neben der reinen Verdauungsfunktion eine wichtige Rolle im Immunsystem spielt. Diese essentielle Aufgabe ist einleuchtend und lebensnotwendig, bildet doch der Darm mit einer Oberfl\u00e4che von ca. 400 m2 die gr\u00f6\u00dfte Kontaktfl\u00e4che zur Au\u00dfenwelt. Gew\u00e4hrleistet wird diese Funktion durch die sog. Darmbarriere. Sie besteht aus dem intestinalen Immunsystem mit ca. 80% der Immunzellen des K\u00f6rpers und einer Schutzschicht. Diese wird gebildet durch eng verbundene Zellen der Darmschleimhaut und einer abdeckenden Schleimschicht, die die Darmflora \u2013 auch Mikrobiom genannt \u2013 beherbergt. Diese Barriere unterscheidet, was harmlos ist und was sch\u00e4dlich sein k\u00f6nnte und bewahrt den K\u00f6rper so vor unerw\u00fcnschten Eindringlingen und Schadstoffen &#8211; mit 20 verschiedenen Bakterienkulturen, B-Vitamin-Komplexen und Inulin.<\/p>\n","protected":false},"excerpt":{"rendered":"<p>Pascoflorin Immun Kapseln unters\u00fctzen den Darm, welcher neben der reinen Verdauungsfunktion eine wichtige Rolle im Immunsystem spielt. Diese essentielle Aufgabe ist einleuchtend und lebensnotwendig, bildet doch der Darm mit einer Oberfl\u00e4che von ca. 400 m2 die gr\u00f6\u00dfte Kontaktfl\u00e4che zur Au\u00dfenwelt. Gew\u00e4hrleistet wird diese Funktion durch die sog. Darmbarriere. Sie besteht aus dem intestinalen Immunsystem mit [&hellip;]<\/p>\n","protected":false},"featured_media":72723,"template":"","meta":{"_acf_changed":false},"product_brand":[],"product_cat":[302],"product_tag":[],"class_list":{"0":"post-72721","1":"product","2":"type-product","3":"status-publish","4":"has-post-thumbnail","6":"product_cat-p","7":"pa_packungsgroesse-60-stueck","9":"first","10":"instock","11":"shipping-taxable","12":"purchasable","13":"product-type-simple"},"acf":[],"_links":{"self":[{"href":"https:\/\/www.hirtenberg-apotheke.at\/katalog\/wp-json\/wp\/v2\/product\/72721","targetHints":{"allow":["GET"]}}],"collection":[{"href":"https:\/\/www.hirtenberg-apotheke.at\/katalog\/wp-json\/wp\/v2\/product"}],"about":[{"href":"https:\/\/www.hirtenberg-apotheke.at\/katalog\/wp-json\/wp\/v2\/types\/product"}],"wp:featuredmedia":[{"embeddable":true,"href":"https:\/\/www.hirtenberg-apotheke.at\/katalog\/wp-json\/wp\/v2\/media\/72723"}],"wp:attachment":[{"href":"https:\/\/www.hirtenberg-apotheke.at\/katalog\/wp-json\/wp\/v2\/media?parent=72721"}],"wp:term":[{"taxonomy":"product_brand","embeddable":true,"href":"https:\/\/www.hirtenberg-apotheke.at\/katalog\/wp-json\/wp\/v2\/product_brand?post=72721"},{"taxonomy":"product_cat","embeddable":true,"href":"https:\/\/www.hirtenberg-apotheke.at\/katalog\/wp-json\/wp\/v2\/product_cat?post=72721"},{"taxonomy":"product_tag","embeddable":true,"href":"https:\/\/www.hirtenberg-apotheke.at\/katalog\/wp-json\/wp\/v2\/product_tag?post=72721"}],"curies":[{"name":"wp","href":"https:\/\/api.w.org\/{rel}","templated":true}]}}