{"id":72939,"date":"2025-11-27T10:07:53","date_gmt":"2025-11-27T09:07:53","guid":{"rendered":"https:\/\/www.hirtenberg-apotheke.at\/katalog\/produkt\/hansaplast-sensitive-3xl-sterile-pflaster-3-stk\/"},"modified":"2025-11-27T10:08:24","modified_gmt":"2025-11-27T09:08:24","slug":"hansaplast-sensitive-3xl-sterile-pflaster-3-stk","status":"publish","type":"product","link":"https:\/\/www.hirtenberg-apotheke.at\/katalog\/produkt\/hansaplast-sensitive-3xl-sterile-pflaster-3-stk\/","title":{"rendered":"Hansaplast Sensitive 3XL sterile Pflaster 3 Stk."},"content":{"rendered":"<p>Hansaplast Sensitive 3XL (10&#215;15 cm) sind sterile Wundverb\u00e4nde zur Versorgung mittel- bis gro\u00dffl\u00e4chiger Wunden. Sie sind auch f\u00fcr die Wundversorgung nach kleineren operativen Eingriffen geeignet. Das hautfreundliche und atmungsaktive Material haftet zuverl\u00e4ssig an der Haut und ist dennoch schmerzfrei zu entfernen. Die extragro\u00dfe Wundauflage sch\u00fctzt und polstert die Wunde, ohne mit ihr zu verkleben.<\/p>\n","protected":false},"excerpt":{"rendered":"<p>Hansaplast Sensitive 3XL (10&#215;15 cm) sind sterile Wundverb\u00e4nde zur Versorgung mittel- bis gro\u00dffl\u00e4chiger Wunden. Sie sind auch f\u00fcr die Wundversorgung nach kleineren operativen Eingriffen geeignet. Das hautfreundliche und atmungsaktive Material haftet zuverl\u00e4ssig an der Haut und ist dennoch schmerzfrei zu entfernen. Die extragro\u00dfe Wundauflage sch\u00fctzt und polstert die Wunde, ohne mit ihr zu verkleben.<\/p>\n","protected":false},"featured_media":72941,"template":"","meta":{"_acf_changed":false},"product_brand":[470],"product_cat":[330],"product_tag":[],"class_list":{"0":"post-72939","1":"product","2":"type-product","3":"status-publish","4":"has-post-thumbnail","6":"product_brand-hansaplast","7":"product_cat-h","8":"pa_packungsgroesse-3-stueck","10":"first","11":"instock","12":"shipping-taxable","13":"purchasable","14":"product-type-simple"},"acf":[],"_links":{"self":[{"href":"https:\/\/www.hirtenberg-apotheke.at\/katalog\/wp-json\/wp\/v2\/product\/72939","targetHints":{"allow":["GET"]}}],"collection":[{"href":"https:\/\/www.hirtenberg-apotheke.at\/katalog\/wp-json\/wp\/v2\/product"}],"about":[{"href":"https:\/\/www.hirtenberg-apotheke.at\/katalog\/wp-json\/wp\/v2\/types\/product"}],"wp:featuredmedia":[{"embeddable":true,"href":"https:\/\/www.hirtenberg-apotheke.at\/katalog\/wp-json\/wp\/v2\/media\/72941"}],"wp:attachment":[{"href":"https:\/\/www.hirtenberg-apotheke.at\/katalog\/wp-json\/wp\/v2\/media?parent=72939"}],"wp:term":[{"taxonomy":"product_brand","embeddable":true,"href":"https:\/\/www.hirtenberg-apotheke.at\/katalog\/wp-json\/wp\/v2\/product_brand?post=72939"},{"taxonomy":"product_cat","embeddable":true,"href":"https:\/\/www.hirtenberg-apotheke.at\/katalog\/wp-json\/wp\/v2\/product_cat?post=72939"},{"taxonomy":"product_tag","embeddable":true,"href":"https:\/\/www.hirtenberg-apotheke.at\/katalog\/wp-json\/wp\/v2\/product_tag?post=72939"}],"curies":[{"name":"wp","href":"https:\/\/api.w.org\/{rel}","templated":true}]}}