{"id":72982,"date":"2025-11-27T10:08:57","date_gmt":"2025-11-27T09:08:57","guid":{"rendered":"https:\/\/www.hirtenberg-apotheke.at\/katalog\/produkt\/phyto-phytovolume-volumen-spray-150-ml\/"},"modified":"2025-11-27T10:09:24","modified_gmt":"2025-11-27T09:09:24","slug":"phyto-phytovolume-volumen-spray-150-ml","status":"publish","type":"product","link":"https:\/\/www.hirtenberg-apotheke.at\/katalog\/produkt\/phyto-phytovolume-volumen-spray-150-ml\/","title":{"rendered":"Phyto Phytovolume Volumen Spray 150 ml"},"content":{"rendered":"<p>Phyto Phytovolume Volumen Spray ist eine thermoaktive Pflege, angereichert mit pflanzlichen Proteinen und Capucinextrakt, die das Volumen von feinem, flachem Haar aus der Wurzel erh\u00f6ht. Es verst\u00e4rkt die Elastizit\u00e4t der Faser und gibt ihr die Feder f\u00fcr einen perfekten Halt der Frisur. Dank seiner filmbildenden Wirkung wirkt es wie ein echter Hitzeschild. Seine Formel ist konzentriert: Ein paar Sp\u00fchst\u00f6\u00dfe reichen aus! Ergebnis: sichtbar volumin\u00f6ser, das Haar wird nat\u00fcrlich platziert, seine Bewegung ist geschmeidig und fl\u00fcssig.<\/p>\n","protected":false},"excerpt":{"rendered":"<p>Phyto Phytovolume Volumen Spray ist eine thermoaktive Pflege, angereichert mit pflanzlichen Proteinen und Capucinextrakt, die das Volumen von feinem, flachem Haar aus der Wurzel erh\u00f6ht. Es verst\u00e4rkt die Elastizit\u00e4t der Faser und gibt ihr die Feder f\u00fcr einen perfekten Halt der Frisur. Dank seiner filmbildenden Wirkung wirkt es wie ein echter Hitzeschild. Seine Formel ist [&hellip;]<\/p>\n","protected":false},"featured_media":72984,"template":"","meta":{"_acf_changed":false},"product_brand":[748],"product_cat":[302],"product_tag":[],"class_list":{"0":"post-72982","1":"product","2":"type-product","3":"status-publish","4":"has-post-thumbnail","6":"product_brand-phyto","7":"product_cat-p","8":"pa_packungsgroesse-150ml","10":"first","11":"instock","12":"shipping-taxable","13":"purchasable","14":"product-type-simple"},"acf":[],"_links":{"self":[{"href":"https:\/\/www.hirtenberg-apotheke.at\/katalog\/wp-json\/wp\/v2\/product\/72982","targetHints":{"allow":["GET"]}}],"collection":[{"href":"https:\/\/www.hirtenberg-apotheke.at\/katalog\/wp-json\/wp\/v2\/product"}],"about":[{"href":"https:\/\/www.hirtenberg-apotheke.at\/katalog\/wp-json\/wp\/v2\/types\/product"}],"wp:featuredmedia":[{"embeddable":true,"href":"https:\/\/www.hirtenberg-apotheke.at\/katalog\/wp-json\/wp\/v2\/media\/72984"}],"wp:attachment":[{"href":"https:\/\/www.hirtenberg-apotheke.at\/katalog\/wp-json\/wp\/v2\/media?parent=72982"}],"wp:term":[{"taxonomy":"product_brand","embeddable":true,"href":"https:\/\/www.hirtenberg-apotheke.at\/katalog\/wp-json\/wp\/v2\/product_brand?post=72982"},{"taxonomy":"product_cat","embeddable":true,"href":"https:\/\/www.hirtenberg-apotheke.at\/katalog\/wp-json\/wp\/v2\/product_cat?post=72982"},{"taxonomy":"product_tag","embeddable":true,"href":"https:\/\/www.hirtenberg-apotheke.at\/katalog\/wp-json\/wp\/v2\/product_tag?post=72982"}],"curies":[{"name":"wp","href":"https:\/\/api.w.org\/{rel}","templated":true}]}}