{"id":72985,"date":"2025-11-27T10:08:57","date_gmt":"2025-11-27T09:08:57","guid":{"rendered":"https:\/\/www.hirtenberg-apotheke.at\/katalog\/produkt\/nuxe-nuxuriance-gold-oil-cream-50-ml\/"},"modified":"2025-11-27T10:09:28","modified_gmt":"2025-11-27T09:09:28","slug":"nuxe-nuxuriance-gold-oil-cream-50-ml","status":"publish","type":"product","link":"https:\/\/www.hirtenberg-apotheke.at\/katalog\/produkt\/nuxe-nuxuriance-gold-oil-cream-50-ml\/","title":{"rendered":"Nuxe Nuxuriance Gold Oil Cream 50 ml"},"content":{"rendered":"<p>Diese n\u00e4hrende, kr\u00e4ftigende Creme basiert auf einer Kombination aus der Kraft der bifloralen Zellen von Safran und Bougainvillea, dem \u00d6lwirkstoff Ol\u00e9actif des Roten Fackelingwers und einem nat\u00fcrlichen, rekonstituierenden Komplex f\u00fcr absolute Anti-Aging-Pflege. Die Haut wird Tag f\u00fcr Tag kr\u00e4ftiger und straffer. Falten werden gegl\u00e4ttet, die Haut wird intensiv aufgepolstert.<\/p>\n","protected":false},"excerpt":{"rendered":"<p>Diese n\u00e4hrende, kr\u00e4ftigende Creme basiert auf einer Kombination aus der Kraft der bifloralen Zellen von Safran und Bougainvillea, dem \u00d6lwirkstoff Ol\u00e9actif des Roten Fackelingwers und einem nat\u00fcrlichen, rekonstituierenden Komplex f\u00fcr absolute Anti-Aging-Pflege. Die Haut wird Tag f\u00fcr Tag kr\u00e4ftiger und straffer. Falten werden gegl\u00e4ttet, die Haut wird intensiv aufgepolstert.<\/p>\n","protected":false},"featured_media":72987,"template":"","meta":{"_acf_changed":false},"product_brand":[720],"product_cat":[310],"product_tag":[],"class_list":{"0":"post-72985","1":"product","2":"type-product","3":"status-publish","4":"has-post-thumbnail","6":"product_brand-nuxe","7":"product_cat-n","8":"pa_packungsgroesse-50ml","10":"first","11":"instock","12":"shipping-taxable","13":"purchasable","14":"product-type-simple"},"acf":[],"_links":{"self":[{"href":"https:\/\/www.hirtenberg-apotheke.at\/katalog\/wp-json\/wp\/v2\/product\/72985","targetHints":{"allow":["GET"]}}],"collection":[{"href":"https:\/\/www.hirtenberg-apotheke.at\/katalog\/wp-json\/wp\/v2\/product"}],"about":[{"href":"https:\/\/www.hirtenberg-apotheke.at\/katalog\/wp-json\/wp\/v2\/types\/product"}],"wp:featuredmedia":[{"embeddable":true,"href":"https:\/\/www.hirtenberg-apotheke.at\/katalog\/wp-json\/wp\/v2\/media\/72987"}],"wp:attachment":[{"href":"https:\/\/www.hirtenberg-apotheke.at\/katalog\/wp-json\/wp\/v2\/media?parent=72985"}],"wp:term":[{"taxonomy":"product_brand","embeddable":true,"href":"https:\/\/www.hirtenberg-apotheke.at\/katalog\/wp-json\/wp\/v2\/product_brand?post=72985"},{"taxonomy":"product_cat","embeddable":true,"href":"https:\/\/www.hirtenberg-apotheke.at\/katalog\/wp-json\/wp\/v2\/product_cat?post=72985"},{"taxonomy":"product_tag","embeddable":true,"href":"https:\/\/www.hirtenberg-apotheke.at\/katalog\/wp-json\/wp\/v2\/product_tag?post=72985"}],"curies":[{"name":"wp","href":"https:\/\/api.w.org\/{rel}","templated":true}]}}