{"id":72991,"date":"2025-11-27T10:09:28","date_gmt":"2025-11-27T09:09:28","guid":{"rendered":"https:\/\/www.hirtenberg-apotheke.at\/katalog\/produkt\/nuxe-nuxuriance-gold-night-balm-50-ml\/"},"modified":"2025-11-27T10:09:35","modified_gmt":"2025-11-27T09:09:35","slug":"nuxe-nuxuriance-gold-night-balm-50-ml","status":"publish","type":"product","link":"https:\/\/www.hirtenberg-apotheke.at\/katalog\/produkt\/nuxe-nuxuriance-gold-night-balm-50-ml\/","title":{"rendered":"Nuxe Nuxuriance Gold Night Balm  50 ml"},"content":{"rendered":"<p>Dieser n\u00e4hrende, kr\u00e4ftigende Balsam basiert auf einer Kombination aus der Kraft der bifloralen Zellen von Safran und Bougainvillea, dem \u00d6lwirkstoff Ol\u00e9actif des Roten Fackelingwers und einem rekonstituierenden Komplex nat\u00fcrlichen Ursprungs f\u00fcr absolute Anti-Aging-Pflege. Die mit Karit\u00e9butter angereicherte Formulierung versorgt die Haut mit N\u00e4hrstoffen und boostet sie im Schlaf. Nach dem Aufwachen sieht die Haut nicht mehr m\u00fcde aus, ist gegl\u00e4ttet und strahlt. Jede Nacht wird sie mehr gekr\u00e4ftigt: sie wird fester, widerstandsf\u00e4higer. Die Haut sieht wundersch\u00f6n aus, voll Leben.<\/p>\n","protected":false},"excerpt":{"rendered":"<p>Dieser n\u00e4hrende, kr\u00e4ftigende Balsam basiert auf einer Kombination aus der Kraft der bifloralen Zellen von Safran und Bougainvillea, dem \u00d6lwirkstoff Ol\u00e9actif des Roten Fackelingwers und einem rekonstituierenden Komplex nat\u00fcrlichen Ursprungs f\u00fcr absolute Anti-Aging-Pflege. Die mit Karit\u00e9butter angereicherte Formulierung versorgt die Haut mit N\u00e4hrstoffen und boostet sie im Schlaf. Nach dem Aufwachen sieht die Haut nicht [&hellip;]<\/p>\n","protected":false},"featured_media":72993,"template":"","meta":{"_acf_changed":false},"product_brand":[720],"product_cat":[310],"product_tag":[],"class_list":{"0":"post-72991","1":"product","2":"type-product","3":"status-publish","4":"has-post-thumbnail","6":"product_brand-nuxe","7":"product_cat-n","8":"pa_packungsgroesse-50ml","10":"first","11":"instock","12":"shipping-taxable","13":"purchasable","14":"product-type-simple"},"acf":[],"_links":{"self":[{"href":"https:\/\/www.hirtenberg-apotheke.at\/katalog\/wp-json\/wp\/v2\/product\/72991","targetHints":{"allow":["GET"]}}],"collection":[{"href":"https:\/\/www.hirtenberg-apotheke.at\/katalog\/wp-json\/wp\/v2\/product"}],"about":[{"href":"https:\/\/www.hirtenberg-apotheke.at\/katalog\/wp-json\/wp\/v2\/types\/product"}],"wp:featuredmedia":[{"embeddable":true,"href":"https:\/\/www.hirtenberg-apotheke.at\/katalog\/wp-json\/wp\/v2\/media\/72993"}],"wp:attachment":[{"href":"https:\/\/www.hirtenberg-apotheke.at\/katalog\/wp-json\/wp\/v2\/media?parent=72991"}],"wp:term":[{"taxonomy":"product_brand","embeddable":true,"href":"https:\/\/www.hirtenberg-apotheke.at\/katalog\/wp-json\/wp\/v2\/product_brand?post=72991"},{"taxonomy":"product_cat","embeddable":true,"href":"https:\/\/www.hirtenberg-apotheke.at\/katalog\/wp-json\/wp\/v2\/product_cat?post=72991"},{"taxonomy":"product_tag","embeddable":true,"href":"https:\/\/www.hirtenberg-apotheke.at\/katalog\/wp-json\/wp\/v2\/product_tag?post=72991"}],"curies":[{"name":"wp","href":"https:\/\/api.w.org\/{rel}","templated":true}]}}