{"id":72994,"date":"2025-11-27T10:09:28","date_gmt":"2025-11-27T09:09:28","guid":{"rendered":"https:\/\/www.hirtenberg-apotheke.at\/katalog\/produkt\/nuxe-nuxuriance-gold-eye-balm-15-ml\/"},"modified":"2025-11-27T10:09:38","modified_gmt":"2025-11-27T09:09:38","slug":"nuxe-nuxuriance-gold-eye-balm-15-ml","status":"publish","type":"product","link":"https:\/\/www.hirtenberg-apotheke.at\/katalog\/produkt\/nuxe-nuxuriance-gold-eye-balm-15-ml\/","title":{"rendered":"Nuxe Nuxuriance Gold Eye Balm 15 ml"},"content":{"rendered":"<p>Dieser Balsam f\u00fcr eine strahlende Augenpartie bietet eine Kombination aus der Kraft der bifloralen Zellen von Safran und Bougainvillea, dem \u00d6lwirkstoff Ol\u00e9actif des Roten Fackelingwers und einem n\u00e4hrenden, rekonstituierenden Komplex nat\u00fcrlichen Ursprungs f\u00fcr absolute Anti-Aging-Wirkung. Seine biomimetische Textur ist mit goldfarbenen Mikroreflektoren durchtr\u00e4nkt und macht Ihren Blick wieder lebendig. Die Haut wird unmittelbar glatter. Tag f\u00fcr Tag wird die Augenpartie strahlender und der Teint einheitlicher. Die sowohl umh\u00fcllende als auch frische Formulierung hat einen spezifischen Duft, der optimal auf diese empfindliche Partie abgestimmt ist.<\/p>\n","protected":false},"excerpt":{"rendered":"<p>Dieser Balsam f\u00fcr eine strahlende Augenpartie bietet eine Kombination aus der Kraft der bifloralen Zellen von Safran und Bougainvillea, dem \u00d6lwirkstoff Ol\u00e9actif des Roten Fackelingwers und einem n\u00e4hrenden, rekonstituierenden Komplex nat\u00fcrlichen Ursprungs f\u00fcr absolute Anti-Aging-Wirkung. Seine biomimetische Textur ist mit goldfarbenen Mikroreflektoren durchtr\u00e4nkt und macht Ihren Blick wieder lebendig. Die Haut wird unmittelbar glatter. Tag [&hellip;]<\/p>\n","protected":false},"featured_media":72996,"template":"","meta":{"_acf_changed":false},"product_brand":[720],"product_cat":[310],"product_tag":[],"class_list":{"0":"post-72994","1":"product","2":"type-product","3":"status-publish","4":"has-post-thumbnail","6":"product_brand-nuxe","7":"product_cat-n","8":"pa_packungsgroesse-15ml","10":"first","11":"instock","12":"shipping-taxable","13":"purchasable","14":"product-type-simple"},"acf":[],"_links":{"self":[{"href":"https:\/\/www.hirtenberg-apotheke.at\/katalog\/wp-json\/wp\/v2\/product\/72994","targetHints":{"allow":["GET"]}}],"collection":[{"href":"https:\/\/www.hirtenberg-apotheke.at\/katalog\/wp-json\/wp\/v2\/product"}],"about":[{"href":"https:\/\/www.hirtenberg-apotheke.at\/katalog\/wp-json\/wp\/v2\/types\/product"}],"wp:featuredmedia":[{"embeddable":true,"href":"https:\/\/www.hirtenberg-apotheke.at\/katalog\/wp-json\/wp\/v2\/media\/72996"}],"wp:attachment":[{"href":"https:\/\/www.hirtenberg-apotheke.at\/katalog\/wp-json\/wp\/v2\/media?parent=72994"}],"wp:term":[{"taxonomy":"product_brand","embeddable":true,"href":"https:\/\/www.hirtenberg-apotheke.at\/katalog\/wp-json\/wp\/v2\/product_brand?post=72994"},{"taxonomy":"product_cat","embeddable":true,"href":"https:\/\/www.hirtenberg-apotheke.at\/katalog\/wp-json\/wp\/v2\/product_cat?post=72994"},{"taxonomy":"product_tag","embeddable":true,"href":"https:\/\/www.hirtenberg-apotheke.at\/katalog\/wp-json\/wp\/v2\/product_tag?post=72994"}],"curies":[{"name":"wp","href":"https:\/\/api.w.org\/{rel}","templated":true}]}}