{"id":72997,"date":"2025-11-27T10:09:28","date_gmt":"2025-11-27T09:09:28","guid":{"rendered":"https:\/\/www.hirtenberg-apotheke.at\/katalog\/produkt\/nexcare-active-tape-pflaster-25-cm-x-45-m\/"},"modified":"2025-11-27T10:09:47","modified_gmt":"2025-11-27T09:09:47","slug":"nexcare-active-tape-pflaster-25-cm-x-45-m","status":"publish","type":"product","link":"https:\/\/www.hirtenberg-apotheke.at\/katalog\/produkt\/nexcare-active-tape-pflaster-25-cm-x-45-m\/","title":{"rendered":"Nexcare Active Tape Pflaster 2,5 cm x 4,5 m"},"content":{"rendered":"<p>Nexcare\u2122 Active Tape Pflaster 2,5 cm x 4,5 m zum Schutz und zur Vorbeugungen von Blasen vorgesehen. Das gepolsterte Material sch\u00fctzt die Haut vor Reibung, sodass Endkunden bedenklos Ihren t\u00e4glichen Aktivit\u00e4ten nachgehen k\u00f6nnen &#8211; Jetzt online bestellen<\/p>\n","protected":false},"excerpt":{"rendered":"<p>Nexcare\u2122 Active Tape Pflaster 2,5 cm x 4,5 m zum Schutz und zur Vorbeugungen von Blasen vorgesehen. Das gepolsterte Material sch\u00fctzt die Haut vor Reibung, sodass Endkunden bedenklos Ihren t\u00e4glichen Aktivit\u00e4ten nachgehen k\u00f6nnen &#8211; Jetzt online bestellen<\/p>\n","protected":false},"featured_media":0,"template":"","meta":{"_acf_changed":false},"product_brand":[980],"product_cat":[310],"product_tag":[],"class_list":{"0":"post-72997","1":"product","2":"type-product","3":"status-publish","5":"product_brand-nexcare","6":"product_cat-n","7":"pa_packungsgroesse-1-stueck","9":"first","10":"instock","11":"shipping-taxable","12":"purchasable","13":"product-type-simple"},"acf":[],"_links":{"self":[{"href":"https:\/\/www.hirtenberg-apotheke.at\/katalog\/wp-json\/wp\/v2\/product\/72997","targetHints":{"allow":["GET"]}}],"collection":[{"href":"https:\/\/www.hirtenberg-apotheke.at\/katalog\/wp-json\/wp\/v2\/product"}],"about":[{"href":"https:\/\/www.hirtenberg-apotheke.at\/katalog\/wp-json\/wp\/v2\/types\/product"}],"wp:attachment":[{"href":"https:\/\/www.hirtenberg-apotheke.at\/katalog\/wp-json\/wp\/v2\/media?parent=72997"}],"wp:term":[{"taxonomy":"product_brand","embeddable":true,"href":"https:\/\/www.hirtenberg-apotheke.at\/katalog\/wp-json\/wp\/v2\/product_brand?post=72997"},{"taxonomy":"product_cat","embeddable":true,"href":"https:\/\/www.hirtenberg-apotheke.at\/katalog\/wp-json\/wp\/v2\/product_cat?post=72997"},{"taxonomy":"product_tag","embeddable":true,"href":"https:\/\/www.hirtenberg-apotheke.at\/katalog\/wp-json\/wp\/v2\/product_tag?post=72997"}],"curies":[{"name":"wp","href":"https:\/\/api.w.org\/{rel}","templated":true}]}}