{"id":73053,"date":"2025-11-27T10:11:03","date_gmt":"2025-11-27T09:11:03","guid":{"rendered":"https:\/\/www.hirtenberg-apotheke.at\/katalog\/produkt\/heliocare-360-invisible-spray-spf-50-200-ml\/"},"modified":"2025-11-27T10:11:22","modified_gmt":"2025-11-27T09:11:22","slug":"heliocare-360-invisible-spray-spf-50-200-ml","status":"publish","type":"product","link":"https:\/\/www.hirtenberg-apotheke.at\/katalog\/produkt\/heliocare-360-invisible-spray-spf-50-200-ml\/","title":{"rendered":"Heliocare 360\u00b0 Invisible Spray SPF 50+ 200 ml"},"content":{"rendered":"<p>360\u00b0 Photoimmunschutz f\u00fcr den K\u00f6rper mit leichter, transparenter Textur &#8211; f\u00fcr alle Hauttypen.<\/p>\n","protected":false},"excerpt":{"rendered":"<p>360\u00b0 Photoimmunschutz f\u00fcr den K\u00f6rper mit leichter, transparenter Textur &#8211; f\u00fcr alle Hauttypen.<\/p>\n","protected":false},"featured_media":73055,"template":"","meta":{"_acf_changed":false},"product_brand":[1016],"product_cat":[330],"product_tag":[],"class_list":{"0":"post-73053","1":"product","2":"type-product","3":"status-publish","4":"has-post-thumbnail","6":"product_brand-heliocare","7":"product_cat-h","8":"pa_packungsgroesse-200ml","10":"first","11":"instock","12":"shipping-taxable","13":"purchasable","14":"product-type-simple"},"acf":[],"_links":{"self":[{"href":"https:\/\/www.hirtenberg-apotheke.at\/katalog\/wp-json\/wp\/v2\/product\/73053","targetHints":{"allow":["GET"]}}],"collection":[{"href":"https:\/\/www.hirtenberg-apotheke.at\/katalog\/wp-json\/wp\/v2\/product"}],"about":[{"href":"https:\/\/www.hirtenberg-apotheke.at\/katalog\/wp-json\/wp\/v2\/types\/product"}],"wp:featuredmedia":[{"embeddable":true,"href":"https:\/\/www.hirtenberg-apotheke.at\/katalog\/wp-json\/wp\/v2\/media\/73055"}],"wp:attachment":[{"href":"https:\/\/www.hirtenberg-apotheke.at\/katalog\/wp-json\/wp\/v2\/media?parent=73053"}],"wp:term":[{"taxonomy":"product_brand","embeddable":true,"href":"https:\/\/www.hirtenberg-apotheke.at\/katalog\/wp-json\/wp\/v2\/product_brand?post=73053"},{"taxonomy":"product_cat","embeddable":true,"href":"https:\/\/www.hirtenberg-apotheke.at\/katalog\/wp-json\/wp\/v2\/product_cat?post=73053"},{"taxonomy":"product_tag","embeddable":true,"href":"https:\/\/www.hirtenberg-apotheke.at\/katalog\/wp-json\/wp\/v2\/product_tag?post=73053"}],"curies":[{"name":"wp","href":"https:\/\/api.w.org\/{rel}","templated":true}]}}