{"id":73085,"date":"2025-11-27T10:11:59","date_gmt":"2025-11-27T09:11:59","guid":{"rendered":"https:\/\/www.hirtenberg-apotheke.at\/katalog\/produkt\/nuxe-very-rose-cleansing-oil-150-ml\/"},"modified":"2025-11-27T10:12:11","modified_gmt":"2025-11-27T09:12:11","slug":"nuxe-very-rose-cleansing-oil-150-ml","status":"publish","type":"product","link":"https:\/\/www.hirtenberg-apotheke.at\/katalog\/produkt\/nuxe-very-rose-cleansing-oil-150-ml\/","title":{"rendered":"Nuxe Very Rose cleansing Oil 150 ml"},"content":{"rendered":"<p>Very Rose cleansing oil entfernt selbst hartn\u00e4ckiges, wasserfestes Make-up und reinigt im Gesicht und um die Augenpartie. F\u00fcr alle Hauttypen geeignet, selbst empfindliche.82 % der Wirkstoffe sind nat\u00fcrlichen Ursprungs.Dieses hocheffiziente Reinigungs\u00f6l entfernt selbst hartn\u00e4ckiges oder wasserfestes Make-up, wobei die Haut gleichzeitig vor Kalk gesch\u00fctzt und ihr Gleichgewicht respektiert wird. Ihre seidige Textur hat einen hohen S\u00fc\u00dfmandelgehalt. Bei einem Kontakt mit Wasser verwandelt sie sich in eine Milch und \u00fcberzieht die Haut nicht mit einem \u00f6ligen Film. Auf diese Weise f\u00fchlt sie sich wieder zart, geschmeidig und angenehm an.<\/p>\n","protected":false},"excerpt":{"rendered":"<p>Very Rose cleansing oil entfernt selbst hartn\u00e4ckiges, wasserfestes Make-up und reinigt im Gesicht und um die Augenpartie. F\u00fcr alle Hauttypen geeignet, selbst empfindliche.82 % der Wirkstoffe sind nat\u00fcrlichen Ursprungs.Dieses hocheffiziente Reinigungs\u00f6l entfernt selbst hartn\u00e4ckiges oder wasserfestes Make-up, wobei die Haut gleichzeitig vor Kalk gesch\u00fctzt und ihr Gleichgewicht respektiert wird. Ihre seidige Textur hat einen hohen [&hellip;]<\/p>\n","protected":false},"featured_media":73087,"template":"","meta":{"_acf_changed":false},"product_brand":[720],"product_cat":[310],"product_tag":[],"class_list":{"0":"post-73085","1":"product","2":"type-product","3":"status-publish","4":"has-post-thumbnail","6":"product_brand-nuxe","7":"product_cat-n","8":"pa_packungsgroesse-150ml","10":"first","11":"instock","12":"shipping-taxable","13":"purchasable","14":"product-type-simple"},"acf":[],"_links":{"self":[{"href":"https:\/\/www.hirtenberg-apotheke.at\/katalog\/wp-json\/wp\/v2\/product\/73085","targetHints":{"allow":["GET"]}}],"collection":[{"href":"https:\/\/www.hirtenberg-apotheke.at\/katalog\/wp-json\/wp\/v2\/product"}],"about":[{"href":"https:\/\/www.hirtenberg-apotheke.at\/katalog\/wp-json\/wp\/v2\/types\/product"}],"wp:featuredmedia":[{"embeddable":true,"href":"https:\/\/www.hirtenberg-apotheke.at\/katalog\/wp-json\/wp\/v2\/media\/73087"}],"wp:attachment":[{"href":"https:\/\/www.hirtenberg-apotheke.at\/katalog\/wp-json\/wp\/v2\/media?parent=73085"}],"wp:term":[{"taxonomy":"product_brand","embeddable":true,"href":"https:\/\/www.hirtenberg-apotheke.at\/katalog\/wp-json\/wp\/v2\/product_brand?post=73085"},{"taxonomy":"product_cat","embeddable":true,"href":"https:\/\/www.hirtenberg-apotheke.at\/katalog\/wp-json\/wp\/v2\/product_cat?post=73085"},{"taxonomy":"product_tag","embeddable":true,"href":"https:\/\/www.hirtenberg-apotheke.at\/katalog\/wp-json\/wp\/v2\/product_tag?post=73085"}],"curies":[{"name":"wp","href":"https:\/\/api.w.org\/{rel}","templated":true}]}}