{"id":73094,"date":"2025-11-27T10:12:18","date_gmt":"2025-11-27T09:12:18","guid":{"rendered":"https:\/\/www.hirtenberg-apotheke.at\/katalog\/produkt\/nuxe-sun-light-fluid-face-spf-50-50-ml\/"},"modified":"2025-11-27T10:12:22","modified_gmt":"2025-11-27T09:12:22","slug":"nuxe-sun-light-fluid-face-spf-50-50-ml","status":"publish","type":"product","link":"https:\/\/www.hirtenberg-apotheke.at\/katalog\/produkt\/nuxe-sun-light-fluid-face-spf-50-50-ml\/","title":{"rendered":"Nuxe Sun Light Fluid Face SPF 50 50 ml"},"content":{"rendered":"<p>Dieses leichte Sonnenfluid f\u00fcr das Gesicht mit LSF 50 sch\u00fctzt die Haut vor Sonnenstrahlung und lichtbedingter Zellalterung. Die Formulierung ist angereichert mit dem Extrakt der Wasserhyazinthe, ist wasserbest\u00e4ndig und st\u00e4rkt die Hautbarriere, um sie vor dem Austrocknen zu sch\u00fctzen und die Br\u00e4une zu optimieren. Ihr superpraktisches Pocket-Format muss vor der Anwendung gesch\u00fcttelt werden, um die leichte, nicht klebrige \u201eNude\u201c-Textur optimal aufzutragen. Ideal f\u00fcr normale bis Mischhaut. Es ist wasserbest\u00e4ndig und bet\u00f6rt mit seinem unwiderstehlichen Duft aus Tiar\u00e9- und Vanillenoten die Sinne.<\/p>\n","protected":false},"excerpt":{"rendered":"<p>Dieses leichte Sonnenfluid f\u00fcr das Gesicht mit LSF 50 sch\u00fctzt die Haut vor Sonnenstrahlung und lichtbedingter Zellalterung. Die Formulierung ist angereichert mit dem Extrakt der Wasserhyazinthe, ist wasserbest\u00e4ndig und st\u00e4rkt die Hautbarriere, um sie vor dem Austrocknen zu sch\u00fctzen und die Br\u00e4une zu optimieren. Ihr superpraktisches Pocket-Format muss vor der Anwendung gesch\u00fcttelt werden, um die [&hellip;]<\/p>\n","protected":false},"featured_media":73096,"template":"","meta":{"_acf_changed":false},"product_brand":[720],"product_cat":[310],"product_tag":[],"class_list":{"0":"post-73094","1":"product","2":"type-product","3":"status-publish","4":"has-post-thumbnail","6":"product_brand-nuxe","7":"product_cat-n","8":"pa_packungsgroesse-50ml","10":"first","11":"instock","12":"shipping-taxable","13":"purchasable","14":"product-type-simple"},"acf":[],"_links":{"self":[{"href":"https:\/\/www.hirtenberg-apotheke.at\/katalog\/wp-json\/wp\/v2\/product\/73094","targetHints":{"allow":["GET"]}}],"collection":[{"href":"https:\/\/www.hirtenberg-apotheke.at\/katalog\/wp-json\/wp\/v2\/product"}],"about":[{"href":"https:\/\/www.hirtenberg-apotheke.at\/katalog\/wp-json\/wp\/v2\/types\/product"}],"wp:featuredmedia":[{"embeddable":true,"href":"https:\/\/www.hirtenberg-apotheke.at\/katalog\/wp-json\/wp\/v2\/media\/73096"}],"wp:attachment":[{"href":"https:\/\/www.hirtenberg-apotheke.at\/katalog\/wp-json\/wp\/v2\/media?parent=73094"}],"wp:term":[{"taxonomy":"product_brand","embeddable":true,"href":"https:\/\/www.hirtenberg-apotheke.at\/katalog\/wp-json\/wp\/v2\/product_brand?post=73094"},{"taxonomy":"product_cat","embeddable":true,"href":"https:\/\/www.hirtenberg-apotheke.at\/katalog\/wp-json\/wp\/v2\/product_cat?post=73094"},{"taxonomy":"product_tag","embeddable":true,"href":"https:\/\/www.hirtenberg-apotheke.at\/katalog\/wp-json\/wp\/v2\/product_tag?post=73094"}],"curies":[{"name":"wp","href":"https:\/\/api.w.org\/{rel}","templated":true}]}}